{"id":4989,"date":"2019-08-13T11:56:16","date_gmt":"2019-08-13T09:56:16","guid":{"rendered":"https:\/\/www.serijerez.com\/producto\/copa-promo-73-cl\/"},"modified":"2022-07-06T09:53:47","modified_gmt":"2022-07-06T07:53:47","slug":"copa-promo-73-cl","status":"publish","type":"product","link":"https:\/\/www.serijerez.com\/pt-pt\/produto\/copa-promo-73-cl\/","title":{"rendered":"COPA PROMO 73 CL"},"content":{"rendered":"","protected":false},"excerpt":{"rendered":"","protected":false},"featured_media":3488,"template":"","meta":{"_et_pb_use_builder":"","_et_pb_old_content":"","_et_gb_content_width":""},"product_brand":[],"product_cat":[87],"product_tag":[],"class_list":{"0":"post-4989","1":"product","2":"type-product","3":"status-publish","4":"has-post-thumbnail","6":"product_cat-copas-pt-pt","8":"first","9":"instock","10":"taxable","11":"shipping-taxable","12":"product-type-variable"},"yoast_head":"<!-- This site is optimized with the Yoast SEO plugin v26.0 - https:\/\/yoast.com\/wordpress\/plugins\/seo\/ -->\n<title>COPA PROMO 73 CL - SERIJEREZ<\/title>\n<meta name=\"robots\" content=\"index, follow, max-snippet:-1, max-image-preview:large, max-video-preview:-1\" \/>\n<link rel=\"canonical\" href=\"https:\/\/www.serijerez.com\/pt-pt\/produto\/copa-promo-73-cl\/\" \/>\n<meta property=\"og:locale\" content=\"pt_PT\" \/>\n<meta property=\"og:type\" content=\"article\" \/>\n<meta property=\"og:title\" content=\"COPA PROMO 73 CL - SERIJEREZ\" \/>\n<meta property=\"og:url\" content=\"https:\/\/www.serijerez.com\/pt-pt\/produto\/copa-promo-73-cl\/\" \/>\n<meta property=\"og:site_name\" content=\"SERIJEREZ\" \/>\n<meta property=\"article:modified_time\" content=\"2022-07-06T07:53:47+00:00\" \/>\n<meta property=\"og:image\" content=\"https:\/\/www.serijerez.com\/wp-content\/uploads\/2019\/08\/COPA-COMBINATO-73-700-R.jpg\" \/>\n\t<meta property=\"og:image:width\" content=\"660\" \/>\n\t<meta property=\"og:image:height\" content=\"660\" \/>\n\t<meta property=\"og:image:type\" content=\"image\/jpeg\" \/>\n<meta name=\"twitter:card\" content=\"summary_large_image\" \/>\n<script type=\"application\/ld+json\" class=\"yoast-schema-graph\">{\"@context\":\"https:\/\/schema.org\",\"@graph\":[{\"@type\":\"WebPage\",\"@id\":\"https:\/\/www.serijerez.com\/pt-pt\/produto\/copa-promo-73-cl\/\",\"url\":\"https:\/\/www.serijerez.com\/pt-pt\/produto\/copa-promo-73-cl\/\",\"name\":\"COPA PROMO 73 CL - SERIJEREZ\",\"isPartOf\":{\"@id\":\"https:\/\/www.serijerez.com\/pt-pt\/#website\"},\"primaryImageOfPage\":{\"@id\":\"https:\/\/www.serijerez.com\/pt-pt\/produto\/copa-promo-73-cl\/#primaryimage\"},\"image\":{\"@id\":\"https:\/\/www.serijerez.com\/pt-pt\/produto\/copa-promo-73-cl\/#primaryimage\"},\"thumbnailUrl\":\"https:\/\/www.serijerez.com\/wp-content\/uploads\/2019\/08\/COPA-COMBINATO-73-700-R.jpg\",\"datePublished\":\"2019-08-13T09:56:16+00:00\",\"dateModified\":\"2022-07-06T07:53:47+00:00\",\"breadcrumb\":{\"@id\":\"https:\/\/www.serijerez.com\/pt-pt\/produto\/copa-promo-73-cl\/#breadcrumb\"},\"inLanguage\":\"pt-PT\",\"potentialAction\":[{\"@type\":\"ReadAction\",\"target\":[\"https:\/\/www.serijerez.com\/pt-pt\/produto\/copa-promo-73-cl\/\"]}]},{\"@type\":\"ImageObject\",\"inLanguage\":\"pt-PT\",\"@id\":\"https:\/\/www.serijerez.com\/pt-pt\/produto\/copa-promo-73-cl\/#primaryimage\",\"url\":\"https:\/\/www.serijerez.com\/wp-content\/uploads\/2019\/08\/COPA-COMBINATO-73-700-R.jpg\",\"contentUrl\":\"https:\/\/www.serijerez.com\/wp-content\/uploads\/2019\/08\/COPA-COMBINATO-73-700-R.jpg\",\"width\":660,\"height\":660},{\"@type\":\"BreadcrumbList\",\"@id\":\"https:\/\/www.serijerez.com\/pt-pt\/produto\/copa-promo-73-cl\/#breadcrumb\",\"itemListElement\":[{\"@type\":\"ListItem\",\"position\":1,\"name\":\"Portada\",\"item\":\"https:\/\/www.serijerez.com\/pt-pt\/\"},{\"@type\":\"ListItem\",\"position\":2,\"name\":\"LOJA ONLINE\",\"item\":\"https:\/\/www.serijerez.com\/pt-pt\/loja-online\/\"},{\"@type\":\"ListItem\",\"position\":3,\"name\":\"COPA PROMO 73 CL\"}]},{\"@type\":\"WebSite\",\"@id\":\"https:\/\/www.serijerez.com\/pt-pt\/#website\",\"url\":\"https:\/\/www.serijerez.com\/pt-pt\/\",\"name\":\"SERIJEREZ\",\"description\":\"Serijerez, serigraf\u00eda en vidrio, decoraci\u00f3n industrial de vidrio, cristal y cer\u00e1mica.\",\"potentialAction\":[{\"@type\":\"SearchAction\",\"target\":{\"@type\":\"EntryPoint\",\"urlTemplate\":\"https:\/\/www.serijerez.com\/pt-pt\/?s={search_term_string}\"},\"query-input\":{\"@type\":\"PropertyValueSpecification\",\"valueRequired\":true,\"valueName\":\"search_term_string\"}}],\"inLanguage\":\"pt-PT\"}]}<\/script>\n<!-- \/ Yoast SEO plugin. -->","yoast_head_json":{"title":"COPA PROMO 73 CL - SERIJEREZ","robots":{"index":"index","follow":"follow","max-snippet":"max-snippet:-1","max-image-preview":"max-image-preview:large","max-video-preview":"max-video-preview:-1"},"canonical":"https:\/\/www.serijerez.com\/pt-pt\/produto\/copa-promo-73-cl\/","og_locale":"pt_PT","og_type":"article","og_title":"COPA PROMO 73 CL - SERIJEREZ","og_url":"https:\/\/www.serijerez.com\/pt-pt\/produto\/copa-promo-73-cl\/","og_site_name":"SERIJEREZ","article_modified_time":"2022-07-06T07:53:47+00:00","og_image":[{"width":660,"height":660,"url":"https:\/\/www.serijerez.com\/wp-content\/uploads\/2019\/08\/COPA-COMBINATO-73-700-R.jpg","type":"image\/jpeg"}],"twitter_card":"summary_large_image","schema":{"@context":"https:\/\/schema.org","@graph":[{"@type":"WebPage","@id":"https:\/\/www.serijerez.com\/pt-pt\/produto\/copa-promo-73-cl\/","url":"https:\/\/www.serijerez.com\/pt-pt\/produto\/copa-promo-73-cl\/","name":"COPA PROMO 73 CL - SERIJEREZ","isPartOf":{"@id":"https:\/\/www.serijerez.com\/pt-pt\/#website"},"primaryImageOfPage":{"@id":"https:\/\/www.serijerez.com\/pt-pt\/produto\/copa-promo-73-cl\/#primaryimage"},"image":{"@id":"https:\/\/www.serijerez.com\/pt-pt\/produto\/copa-promo-73-cl\/#primaryimage"},"thumbnailUrl":"https:\/\/www.serijerez.com\/wp-content\/uploads\/2019\/08\/COPA-COMBINATO-73-700-R.jpg","datePublished":"2019-08-13T09:56:16+00:00","dateModified":"2022-07-06T07:53:47+00:00","breadcrumb":{"@id":"https:\/\/www.serijerez.com\/pt-pt\/produto\/copa-promo-73-cl\/#breadcrumb"},"inLanguage":"pt-PT","potentialAction":[{"@type":"ReadAction","target":["https:\/\/www.serijerez.com\/pt-pt\/produto\/copa-promo-73-cl\/"]}]},{"@type":"ImageObject","inLanguage":"pt-PT","@id":"https:\/\/www.serijerez.com\/pt-pt\/produto\/copa-promo-73-cl\/#primaryimage","url":"https:\/\/www.serijerez.com\/wp-content\/uploads\/2019\/08\/COPA-COMBINATO-73-700-R.jpg","contentUrl":"https:\/\/www.serijerez.com\/wp-content\/uploads\/2019\/08\/COPA-COMBINATO-73-700-R.jpg","width":660,"height":660},{"@type":"BreadcrumbList","@id":"https:\/\/www.serijerez.com\/pt-pt\/produto\/copa-promo-73-cl\/#breadcrumb","itemListElement":[{"@type":"ListItem","position":1,"name":"Portada","item":"https:\/\/www.serijerez.com\/pt-pt\/"},{"@type":"ListItem","position":2,"name":"LOJA ONLINE","item":"https:\/\/www.serijerez.com\/pt-pt\/loja-online\/"},{"@type":"ListItem","position":3,"name":"COPA PROMO 73 CL"}]},{"@type":"WebSite","@id":"https:\/\/www.serijerez.com\/pt-pt\/#website","url":"https:\/\/www.serijerez.com\/pt-pt\/","name":"SERIJEREZ","description":"Serijerez, serigraf\u00eda en vidrio, decoraci\u00f3n industrial de vidrio, cristal y cer\u00e1mica.","potentialAction":[{"@type":"SearchAction","target":{"@type":"EntryPoint","urlTemplate":"https:\/\/www.serijerez.com\/pt-pt\/?s={search_term_string}"},"query-input":{"@type":"PropertyValueSpecification","valueRequired":true,"valueName":"search_term_string"}}],"inLanguage":"pt-PT"}]}},"_links":{"self":[{"href":"https:\/\/www.serijerez.com\/pt-pt\/wp-json\/wp\/v2\/product\/4989","targetHints":{"allow":["GET"]}}],"collection":[{"href":"https:\/\/www.serijerez.com\/pt-pt\/wp-json\/wp\/v2\/product"}],"about":[{"href":"https:\/\/www.serijerez.com\/pt-pt\/wp-json\/wp\/v2\/types\/product"}],"wp:featuredmedia":[{"embeddable":true,"href":"https:\/\/www.serijerez.com\/pt-pt\/wp-json\/wp\/v2\/media\/3488"}],"wp:attachment":[{"href":"https:\/\/www.serijerez.com\/pt-pt\/wp-json\/wp\/v2\/media?parent=4989"}],"wp:term":[{"taxonomy":"product_brand","embeddable":true,"href":"https:\/\/www.serijerez.com\/pt-pt\/wp-json\/wp\/v2\/product_brand?post=4989"},{"taxonomy":"product_cat","embeddable":true,"href":"https:\/\/www.serijerez.com\/pt-pt\/wp-json\/wp\/v2\/product_cat?post=4989"},{"taxonomy":"product_tag","embeddable":true,"href":"https:\/\/www.serijerez.com\/pt-pt\/wp-json\/wp\/v2\/product_tag?post=4989"}],"curies":[{"name":"wp","href":"https:\/\/api.w.org\/{rel}","templated":true}]}}