{"id":4215,"date":"2019-05-21T12:49:20","date_gmt":"2019-05-21T10:49:20","guid":{"rendered":"https:\/\/www.serijerez.com\/politica-privacidad\/"},"modified":"2020-03-11T11:49:41","modified_gmt":"2020-03-11T10:49:41","slug":"politica-privacidade","status":"publish","type":"page","link":"https:\/\/www.serijerez.com\/pt-pt\/politica-privacidade\/","title":{"rendered":"Pol\u00edtica de privacidade"},"content":{"rendered":"<p>[et_pb_section fb_built=&#8221;1&#8243; _builder_version=&#8221;3.22&#8243;][et_pb_row _builder_version=&#8221;3.25&#8243; background_size=&#8221;initial&#8221; background_position=&#8221;top_left&#8221; background_repeat=&#8221;repeat&#8221;][et_pb_column type=&#8221;4_4&#8243; _builder_version=&#8221;3.0.47&#8243; custom_padding=&#8221;|||&#8221; custom_padding__hover=&#8221;|||&#8221;][et_pb_text _builder_version=&#8221;4.3.1&#8243; z_index_tablet=&#8221;500&#8243; box_shadow_horizontal_tablet=&#8221;0px&#8221; box_shadow_vertical_tablet=&#8221;0px&#8221; box_shadow_blur_tablet=&#8221;40px&#8221; box_shadow_spread_tablet=&#8221;0px&#8221;]<\/p>\n<h2>POL\u00cdTICA DE PRIVACIDAD<\/h2>\n<p>En JEREZANA DE SERIGRAF\u00cdA PUBLICITARIA, S.L. nos preocupamos por la privacidad y la transparencia.<\/p>\n<p>A continuaci\u00f3n, le indicamos en detalle los tratamientos de datos personales que realizamos, as\u00ed como toda la informaci\u00f3n relativa a los mismos.<\/p>\n<p>[\/et_pb_text][et_pb_text _builder_version=&#8221;4.3.1&#8243; z_index_tablet=&#8221;500&#8243; box_shadow_horizontal_tablet=&#8221;0px&#8221; box_shadow_vertical_tablet=&#8221;0px&#8221; box_shadow_blur_tablet=&#8221;40px&#8221; box_shadow_spread_tablet=&#8221;0px&#8221;]<\/p>\n<h2>Tratamiento de los datos de contacto<\/h2>\n<p><strong> <\/strong><\/p>\n<div align=\"center\">\n<table width=\"584\" cellspacing=\"0\" cellpadding=\"0\" border=\"1\">\n<tbody>\n<tr>\n<td colspan=\"2\" style=\"text-align: left;\" width=\"584\"><strong>Informaci\u00f3n b\u00e1sica sobre Protecci\u00f3n de datos<\/strong><\/td>\n<\/tr>\n<tr>\n<td width=\"180\">\n<p align=\"left\"><strong>Responsable:<\/strong><\/p>\n<\/td>\n<td width=\"404\">\n<p align=\"left\">JEREZANA DE SERIGRAF\u00cdA PUBLICITARIA, S.L.<\/p>\n<\/td>\n<\/tr>\n<tr>\n<td width=\"180\">\n<p align=\"left\"><strong>Finalidad:<\/strong><\/p>\n<\/td>\n<td width=\"404\">\n<p align=\"left\">Enviarle comunicaciones de su inter\u00e9s o contactar con la persona<\/p>\n<\/td>\n<\/tr>\n<tr>\n<td width=\"180\">\n<p align=\"left\"><strong>Legitimaci\u00f3n:<\/strong><\/p>\n<\/td>\n<td width=\"404\">\n<p align=\"left\">Consentimiento del interesado.<\/p>\n<\/td>\n<\/tr>\n<tr>\n<td width=\"180\">\n<p align=\"left\"><strong>Destinatarios:<\/strong><\/p>\n<\/td>\n<td width=\"404\">\n<p>No se ceder\u00e1n datos a terceros, salvo obligaci\u00f3n legal.<\/p>\n<\/td>\n<\/tr>\n<tr>\n<td width=\"180\">\n<p align=\"left\"><strong>Derechos:<\/strong><\/p>\n<\/td>\n<td width=\"404\">\n<p align=\"left\">Tiene derecho a acceder, rectificar y suprimir los datos, as\u00ed como otros derechos, indicados en la informaci\u00f3n adicional, que puede ejercer enviado un correo electr\u00f3nico a : info@serijerez.com<\/p>\n<\/td>\n<\/tr>\n<tr>\n<td width=\"180\">\n<p align=\"left\"><strong>Procedencia:<\/strong><\/p>\n<\/td>\n<td width=\"404\">\n<p align=\"left\">El propio interesado<\/p>\n<\/td>\n<\/tr>\n<\/tbody>\n<\/table>\n<\/div>\n<p>[\/et_pb_text][et_pb_text _builder_version=&#8221;4.3.1&#8243; hover_enabled=&#8221;0&#8243; z_index_tablet=&#8221;500&#8243; box_shadow_horizontal_tablet=&#8221;0px&#8221; box_shadow_vertical_tablet=&#8221;0px&#8221; box_shadow_blur_tablet=&#8221;40px&#8221; box_shadow_spread_tablet=&#8221;0px&#8221;]<\/p>\n<h2>Informaci\u00f3n completa sobre Protecci\u00f3n de Datos<\/h2>\n<p><strong>1. \u00bfQui\u00e9n es el responsable del tratamiento de sus datos?<\/strong><\/p>\n<p>JEREZANA DE SERIGRAF\u00cdA PUBLICITARIA, S.L..<br \/> B11652138.<br \/> CALLE DE LAS CIENCIAS.- PARQUE EMPRESARIAL N\u00ba 24<br \/> 11407 &#8211; JEREZ DE LA FRONTERA &#8211; C\u00c1DIZ.<br \/> 956317613.<br \/> info@serijerez.com.<\/p>\n<p><strong>2. \u00bfCon qu\u00e9 finalidad tratamos sus datos personales?<\/strong><\/p>\n<p>En JEREZANA DE SERIGRAF\u00cdA PUBLICITARIA, S.L. tratamos la informaci\u00f3n que nos facilitan las personas interesadas con el fin de gesti\u00f3n de los datos de contacto de los interesados para enviarles comunicaciones de su inter\u00e9s o contactar con ellos. En el caso de que no facilite sus datos personales, no podremos cumplir con las funcionalidades descritas anteriormente.<\/p>\n<p>No se van a tomar decisiones automatizadas en base a los datos proporcionados.<\/p>\n<p><strong>3. \u00bfPor cu\u00e1nto tiempo conservaremos sus datos?<\/strong><\/p>\n<p>Los datos se conservar\u00e1n mientras el interesado no solicite su supresi\u00f3n<\/p>\n<p><strong>4. \u00bfCu\u00e1l es la legitimaci\u00f3n para el tratamiento de sus datos?<\/strong><\/p>\n<p>Le indicamos la base legal para el tratamiento de sus datos:<\/p>\n<p>&#8211; Consentimiento del interesado: Gesti\u00f3n de los datos de contacto de los interesados para enviarles comunicaciones de su inter\u00e9s o contactar con ellos.<\/p>\n<p><strong>5. \u00bfA qu\u00e9 destinatarios se comunicar\u00e1n sus datos?<\/strong><\/p>\n<p>No se ceder\u00e1n datos a terceros, salvo obligaci\u00f3n legal.<\/p>\n<p><strong>6. Transferencias de datos a terceros pa\u00edses<\/strong><\/p>\n<p>No est\u00e1n previstas transferencias de datos a terceros pa\u00edses.<\/p>\n<p><strong>7. \u00bfCu\u00e1les son sus derechos cuando nos facilita sus datos?<\/strong><\/p>\n<p><strong> <\/strong>Cualquier persona tiene derecho a obtener confirmaci\u00f3n sobre si en JEREZANA DE SERIGRAF\u00cdA PUBLICITARIA, S.L. estamos tratando, o no, datos personales que les conciernan.<\/p>\n<p>Las personas interesadas tienen derecho a acceder a sus datos personales, as\u00ed como a solicitar la rectificaci\u00f3n de los datos inexactos o, en su caso, solicitar su supresi\u00f3n cuando, entre otros motivos, los datos ya no sean necesarios para los fines que fueron recogidos. Igualmente tiene derecho a la portabilidad de sus datos.<\/p>\n<p>En determinadas circunstancias, los interesados podr\u00e1n solicitar la limitaci\u00f3n del tratamiento de sus datos, en cuyo caso \u00fanicamente los conservaremos para el ejercicio o la defensa de reclamaciones.<\/p>\n<p>En determinadas circunstancias y por motivos relacionados con su situaci\u00f3n particular, los interesados podr\u00e1n oponerse al tratamiento de sus datos. En este caso, JEREZANA DE SERIGRAF\u00cdA PUBLICITARIA, S.L. dejar\u00e1 de tratar los datos, salvo por motivos leg\u00edtimos imperiosos, o el ejercicio o la defensa de posibles reclamaciones.<\/p>\n<p>Podr\u00e1 ejercitar materialmente sus derechos de la siguiente forma: enviado un correo electr\u00f3nico a : info@serijerez.com<\/p>\n<p>Cuando se realice el env\u00edo de comunicaciones comerciales utilizando como base jur\u00eddica el inter\u00e9s leg\u00edtimo del responsable, el interesado podr\u00e1 oponerse al tratamiento de sus datos con ese fin.<\/p>\n<p>Si ha otorgado su consentimiento para alguna finalidad concreta, tiene derecho a retirar el consentimiento otorgado en cualquier momento, sin que ello afecte a la licitud del tratamiento basado en el consentimiento previo a su retirada.<\/p>\n<p>En caso de que sienta vulnerados sus derechos en lo concerniente a la protecci\u00f3n de sus datos personales, especialmente cuando no haya obtenido satisfacci\u00f3n en el ejercicio de sus derechos, puede presentar una reclamaci\u00f3n ante la Autoridad de Control en materia de Protecci\u00f3n de Datos competente a trav\u00e9s de su sitio web: <a href=\"http:\/\/www.aepd.es\">www.aepd.es<\/a>.<\/p>\n<p><strong>8. \u00bfC\u00f3mo hemos obtenido sus datos?<\/strong><\/p>\n<p>Los datos personales que tratamos en JEREZANA DE SERIGRAF\u00cdA PUBLICITARIA, S.L. proceden de: El propio interesado<\/p>\n<p>Las categor\u00edas de datos que se tratan son:<\/p>\n<p>&#8211; Datos identificativos.<\/p>\n<p>&#8211; Informaci\u00f3n comercial.<\/p>\n<p>No se tratan categor\u00edas especiales de datos personales (son aquellos datos que revelen el origen \u00e9tnico o racial, las opiniones pol\u00edticas, las convicciones religiosas o filos\u00f3ficas, o la afiliaci\u00f3n sindical, datos gen\u00e9ticos, datos biom\u00e9tricos dirigidos a identificar de manera un\u00edvoca a una persona f\u00edsica, datos relativos a la salud o datos relativos a la vida sexual o la orientaci\u00f3n sexual de una persona f\u00edsica)<\/p>\n<p>[\/et_pb_text][\/et_pb_column][\/et_pb_row][\/et_pb_section]<\/p>\n","protected":false},"excerpt":{"rendered":"<p>POL\u00cdTICA DE PRIVACIDAD En JEREZANA DE SERIGRAF\u00cdA PUBLICITARIA, S.L. nos preocupamos por la privacidad y la transparencia. A continuaci\u00f3n, le indicamos en detalle los tratamientos de datos personales que realizamos, as\u00ed como toda la informaci\u00f3n relativa a los mismos.Tratamiento de los datos de contacto Informaci\u00f3n b\u00e1sica sobre Protecci\u00f3n de datos Responsable: JEREZANA DE SERIGRAF\u00cdA PUBLICITARIA, [&hellip;]<\/p>\n","protected":false},"author":1,"featured_media":0,"parent":0,"menu_order":0,"comment_status":"closed","ping_status":"open","template":"","meta":{"_et_pb_use_builder":"on","_et_pb_old_content":"","_et_gb_content_width":"","footnotes":""},"class_list":["post-4215","page","type-page","status-publish","hentry"],"yoast_head":"<!-- This site is optimized with the Yoast SEO plugin v26.0 - https:\/\/yoast.com\/wordpress\/plugins\/seo\/ -->\n<title>Pol\u00edtica de privacidade - SERIJEREZ<\/title>\n<meta name=\"robots\" content=\"index, follow, max-snippet:-1, max-image-preview:large, max-video-preview:-1\" \/>\n<link rel=\"canonical\" href=\"https:\/\/www.serijerez.com\/pt-pt\/politica-privacidade\/\" \/>\n<meta property=\"og:locale\" content=\"pt_PT\" \/>\n<meta property=\"og:type\" content=\"article\" \/>\n<meta property=\"og:title\" content=\"Pol\u00edtica de privacidade - SERIJEREZ\" \/>\n<meta property=\"og:description\" content=\"POL\u00cdTICA DE PRIVACIDAD En JEREZANA DE SERIGRAF\u00cdA PUBLICITARIA, S.L. nos preocupamos por la privacidad y la transparencia. A continuaci\u00f3n, le indicamos en detalle los tratamientos de datos personales que realizamos, as\u00ed como toda la informaci\u00f3n relativa a los mismos.Tratamiento de los datos de contacto Informaci\u00f3n b\u00e1sica sobre Protecci\u00f3n de datos Responsable: JEREZANA DE SERIGRAF\u00cdA PUBLICITARIA, [&hellip;]\" \/>\n<meta property=\"og:url\" content=\"https:\/\/www.serijerez.com\/pt-pt\/politica-privacidade\/\" \/>\n<meta property=\"og:site_name\" content=\"SERIJEREZ\" \/>\n<meta property=\"article:modified_time\" content=\"2020-03-11T10:49:41+00:00\" \/>\n<meta name=\"twitter:card\" content=\"summary_large_image\" \/>\n<meta name=\"twitter:label1\" content=\"Tempo estimado de leitura\" \/>\n\t<meta name=\"twitter:data1\" content=\"5 minutos\" \/>\n<script type=\"application\/ld+json\" class=\"yoast-schema-graph\">{\"@context\":\"https:\/\/schema.org\",\"@graph\":[{\"@type\":\"WebPage\",\"@id\":\"https:\/\/www.serijerez.com\/pt-pt\/politica-privacidade\/\",\"url\":\"https:\/\/www.serijerez.com\/pt-pt\/politica-privacidade\/\",\"name\":\"Pol\u00edtica de privacidade - SERIJEREZ\",\"isPartOf\":{\"@id\":\"https:\/\/www.serijerez.com\/pt-pt\/#website\"},\"datePublished\":\"2019-05-21T10:49:20+00:00\",\"dateModified\":\"2020-03-11T10:49:41+00:00\",\"breadcrumb\":{\"@id\":\"https:\/\/www.serijerez.com\/pt-pt\/politica-privacidade\/#breadcrumb\"},\"inLanguage\":\"pt-PT\",\"potentialAction\":[{\"@type\":\"ReadAction\",\"target\":[\"https:\/\/www.serijerez.com\/pt-pt\/politica-privacidade\/\"]}]},{\"@type\":\"BreadcrumbList\",\"@id\":\"https:\/\/www.serijerez.com\/pt-pt\/politica-privacidade\/#breadcrumb\",\"itemListElement\":[{\"@type\":\"ListItem\",\"position\":1,\"name\":\"Portada\",\"item\":\"https:\/\/www.serijerez.com\/pt-pt\/\"},{\"@type\":\"ListItem\",\"position\":2,\"name\":\"Pol\u00edtica de privacidade\"}]},{\"@type\":\"WebSite\",\"@id\":\"https:\/\/www.serijerez.com\/pt-pt\/#website\",\"url\":\"https:\/\/www.serijerez.com\/pt-pt\/\",\"name\":\"SERIJEREZ\",\"description\":\"Serijerez, serigraf\u00eda en vidrio, decoraci\u00f3n industrial de vidrio, cristal y cer\u00e1mica.\",\"potentialAction\":[{\"@type\":\"SearchAction\",\"target\":{\"@type\":\"EntryPoint\",\"urlTemplate\":\"https:\/\/www.serijerez.com\/pt-pt\/?s={search_term_string}\"},\"query-input\":{\"@type\":\"PropertyValueSpecification\",\"valueRequired\":true,\"valueName\":\"search_term_string\"}}],\"inLanguage\":\"pt-PT\"}]}<\/script>\n<!-- \/ Yoast SEO plugin. -->","yoast_head_json":{"title":"Pol\u00edtica de privacidade - SERIJEREZ","robots":{"index":"index","follow":"follow","max-snippet":"max-snippet:-1","max-image-preview":"max-image-preview:large","max-video-preview":"max-video-preview:-1"},"canonical":"https:\/\/www.serijerez.com\/pt-pt\/politica-privacidade\/","og_locale":"pt_PT","og_type":"article","og_title":"Pol\u00edtica de privacidade - SERIJEREZ","og_description":"POL\u00cdTICA DE PRIVACIDAD En JEREZANA DE SERIGRAF\u00cdA PUBLICITARIA, S.L. nos preocupamos por la privacidad y la transparencia. A continuaci\u00f3n, le indicamos en detalle los tratamientos de datos personales que realizamos, as\u00ed como toda la informaci\u00f3n relativa a los mismos.Tratamiento de los datos de contacto Informaci\u00f3n b\u00e1sica sobre Protecci\u00f3n de datos Responsable: JEREZANA DE SERIGRAF\u00cdA PUBLICITARIA, [&hellip;]","og_url":"https:\/\/www.serijerez.com\/pt-pt\/politica-privacidade\/","og_site_name":"SERIJEREZ","article_modified_time":"2020-03-11T10:49:41+00:00","twitter_card":"summary_large_image","twitter_misc":{"Tempo estimado de leitura":"5 minutos"},"schema":{"@context":"https:\/\/schema.org","@graph":[{"@type":"WebPage","@id":"https:\/\/www.serijerez.com\/pt-pt\/politica-privacidade\/","url":"https:\/\/www.serijerez.com\/pt-pt\/politica-privacidade\/","name":"Pol\u00edtica de privacidade - SERIJEREZ","isPartOf":{"@id":"https:\/\/www.serijerez.com\/pt-pt\/#website"},"datePublished":"2019-05-21T10:49:20+00:00","dateModified":"2020-03-11T10:49:41+00:00","breadcrumb":{"@id":"https:\/\/www.serijerez.com\/pt-pt\/politica-privacidade\/#breadcrumb"},"inLanguage":"pt-PT","potentialAction":[{"@type":"ReadAction","target":["https:\/\/www.serijerez.com\/pt-pt\/politica-privacidade\/"]}]},{"@type":"BreadcrumbList","@id":"https:\/\/www.serijerez.com\/pt-pt\/politica-privacidade\/#breadcrumb","itemListElement":[{"@type":"ListItem","position":1,"name":"Portada","item":"https:\/\/www.serijerez.com\/pt-pt\/"},{"@type":"ListItem","position":2,"name":"Pol\u00edtica de privacidade"}]},{"@type":"WebSite","@id":"https:\/\/www.serijerez.com\/pt-pt\/#website","url":"https:\/\/www.serijerez.com\/pt-pt\/","name":"SERIJEREZ","description":"Serijerez, serigraf\u00eda en vidrio, decoraci\u00f3n industrial de vidrio, cristal y cer\u00e1mica.","potentialAction":[{"@type":"SearchAction","target":{"@type":"EntryPoint","urlTemplate":"https:\/\/www.serijerez.com\/pt-pt\/?s={search_term_string}"},"query-input":{"@type":"PropertyValueSpecification","valueRequired":true,"valueName":"search_term_string"}}],"inLanguage":"pt-PT"}]}},"_links":{"self":[{"href":"https:\/\/www.serijerez.com\/pt-pt\/wp-json\/wp\/v2\/pages\/4215","targetHints":{"allow":["GET"]}}],"collection":[{"href":"https:\/\/www.serijerez.com\/pt-pt\/wp-json\/wp\/v2\/pages"}],"about":[{"href":"https:\/\/www.serijerez.com\/pt-pt\/wp-json\/wp\/v2\/types\/page"}],"author":[{"embeddable":true,"href":"https:\/\/www.serijerez.com\/pt-pt\/wp-json\/wp\/v2\/users\/1"}],"replies":[{"embeddable":true,"href":"https:\/\/www.serijerez.com\/pt-pt\/wp-json\/wp\/v2\/comments?post=4215"}],"version-history":[{"count":3,"href":"https:\/\/www.serijerez.com\/pt-pt\/wp-json\/wp\/v2\/pages\/4215\/revisions"}],"predecessor-version":[{"id":5328,"href":"https:\/\/www.serijerez.com\/pt-pt\/wp-json\/wp\/v2\/pages\/4215\/revisions\/5328"}],"wp:attachment":[{"href":"https:\/\/www.serijerez.com\/pt-pt\/wp-json\/wp\/v2\/media?parent=4215"}],"curies":[{"name":"wp","href":"https:\/\/api.w.org\/{rel}","templated":true}]}}