{"id":3708,"date":"2020-02-27T11:30:33","date_gmt":"2020-02-27T10:30:33","guid":{"rendered":"https:\/\/www.serijerez.com\/loja\/"},"modified":"2020-11-09T11:22:53","modified_gmt":"2020-11-09T10:22:53","slug":"loja-online","status":"publish","type":"page","link":"https:\/\/www.serijerez.com\/pt-pt\/loja-online\/","title":{"rendered":"LOJA ONLINE"},"content":{"rendered":"<p>[et_pb_section fb_built=&#8221;1&#8243; fullwidth=&#8221;on&#8221; _builder_version=&#8221;4.0.4&#8243;][et_pb_fullwidth_code _builder_version=&#8221;4.4.0&#8243; vertical_offset_tablet=&#8221;0&#8243; horizontal_offset_tablet=&#8221;0&#8243; box_shadow_horizontal_tablet=&#8221;0px&#8221; box_shadow_vertical_tablet=&#8221;0px&#8221; box_shadow_blur_tablet=&#8221;40px&#8221; box_shadow_spread_tablet=&#8221;0px&#8221;]<script type=\"text\/javascript\">jQuery(function() { _initLayerSlider( '#layerslider_25_1frmuc4pmfbf6', {createdWith: '6.9.2', sliderVersion: '6.11.2', allowFullscreen: true, pauseOnHover: 'enabled', skin: 'v6', sliderFadeInDuration: 350, useSrcset: true, skinsPath: 'https:\/\/www.serijerez.com\/wp-content\/plugins\/LayerSlider\/assets\/static\/layerslider\/skins\/', performanceMode: true}); });<\/script><div id=\"layerslider_25_1frmuc4pmfbf6\"  class=\"ls-wp-container fitvidsignore ls-selectable\" style=\"width:1920px;height:600px;margin:0 auto;margin-bottom: 0px;\"><div class=\"ls-slide\" ><img loading=\"lazy\" decoding=\"async\" width=\"1920\" height=\"601\" src=\"https:\/\/www.serijerez.com\/wp-content\/uploads\/2019\/11\/banner_tienda1920.jpg\" class=\"ls-bg\" alt=\"\" srcset=\"https:\/\/www.serijerez.com\/wp-content\/uploads\/2019\/11\/banner_tienda1920.jpg 1920w, https:\/\/www.serijerez.com\/wp-content\/uploads\/2019\/11\/banner_tienda1920-1280x401.jpg 1280w, https:\/\/www.serijerez.com\/wp-content\/uploads\/2019\/11\/banner_tienda1920-980x307.jpg 980w, https:\/\/www.serijerez.com\/wp-content\/uploads\/2019\/11\/banner_tienda1920-480x150.jpg 480w\" sizes=\"(min-width: 0px) and (max-width: 480px) 480px, (min-width: 481px) and (max-width: 980px) 980px, (min-width: 981px) and (max-width: 1280px) 1280px, (min-width: 1281px) 1920px, 100vw\" \/><h1 style=\"top:516px;left:1718px;text-align:center;background-size:inherit;background-position:inherit;font-size:30px;line-height:40px;color:#f0be35;\" class=\"ls-l ls-text-layer\" data-ls=\"offsetxin:right;transitionout:false;position:relative;\">SERVI\u00c7OS<\/h1><p style=\"top:556px;left:1028px;text-align:center;background-size:inherit;background-position:inherit;font-size:25px;line-height:40px;color:545454px;\" class=\"ls-l ls-text-layer\" data-ls=\"offsetxin:right;transitionout:false;texttransitionin:true;texttypein:chars_asc;position:relative;\">GRAVA\u00c7\u00c3O DE COPOS E TA\u00c7AS PARA PARTICULARES E EMPRESAS<\/p><div style=\"top:530px;left:917px;background-size:inherit;background-position:inherit;font-size:18px;\" class=\"ls-l ls-html-layer\" data-ls=\"delayin:3000;transitionout:false;position:relative;\"><span class=\"scroll-btn\"><a href=\"#inicio\"><span class=\"mouse\"><span><\/span><\/span><\/a><\/span><\/div><\/div><\/div>[\/et_pb_fullwidth_code][\/et_pb_section][et_pb_section fb_built=&#8221;1&#8243; module_id=&#8221;inicio&#8221; _builder_version=&#8221;4.0.4&#8243; custom_padding=&#8221;0px|||||&#8221;][et_pb_row _builder_version=&#8221;4.0.7&#8243; z_index_tablet=&#8221;500&#8243; box_shadow_horizontal_tablet=&#8221;0px&#8221; box_shadow_vertical_tablet=&#8221;0px&#8221; box_shadow_blur_tablet=&#8221;40px&#8221; box_shadow_spread_tablet=&#8221;0px&#8221;][et_pb_column type=&#8221;4_4&#8243; _builder_version=&#8221;3.0.47&#8243; custom_padding=&#8221;|||&#8221; custom_padding__hover=&#8221;|||&#8221;][et_pb_text _builder_version=&#8221;4.4.0&#8243; header_2_font=&#8221;|300|||||||&#8221; header_2_font_size=&#8221;30px&#8221; vertical_offset_tablet=&#8221;0&#8243; horizontal_offset_tablet=&#8221;0&#8243; text_orientation=&#8221;center&#8221; custom_margin=&#8221;||-5px|||&#8221; z_index_tablet=&#8221;0&#8243; text_text_shadow_horizontal_length_tablet=&#8221;0px&#8221; text_text_shadow_vertical_length_tablet=&#8221;0px&#8221; text_text_shadow_blur_strength_tablet=&#8221;1px&#8221; link_text_shadow_horizontal_length_tablet=&#8221;0px&#8221; link_text_shadow_vertical_length_tablet=&#8221;0px&#8221; link_text_shadow_blur_strength_tablet=&#8221;1px&#8221; ul_text_shadow_horizontal_length_tablet=&#8221;0px&#8221; ul_text_shadow_vertical_length_tablet=&#8221;0px&#8221; ul_text_shadow_blur_strength_tablet=&#8221;1px&#8221; ol_text_shadow_horizontal_length_tablet=&#8221;0px&#8221; ol_text_shadow_vertical_length_tablet=&#8221;0px&#8221; ol_text_shadow_blur_strength_tablet=&#8221;1px&#8221; quote_text_shadow_horizontal_length_tablet=&#8221;0px&#8221; quote_text_shadow_vertical_length_tablet=&#8221;0px&#8221; quote_text_shadow_blur_strength_tablet=&#8221;1px&#8221; header_text_shadow_horizontal_length_tablet=&#8221;0px&#8221; header_text_shadow_vertical_length_tablet=&#8221;0px&#8221; header_text_shadow_blur_strength_tablet=&#8221;1px&#8221; header_2_text_shadow_horizontal_length_tablet=&#8221;0px&#8221; header_2_text_shadow_vertical_length_tablet=&#8221;0px&#8221; header_2_text_shadow_blur_strength_tablet=&#8221;1px&#8221; header_3_text_shadow_horizontal_length_tablet=&#8221;0px&#8221; header_3_text_shadow_vertical_length_tablet=&#8221;0px&#8221; header_3_text_shadow_blur_strength_tablet=&#8221;1px&#8221; header_4_text_shadow_horizontal_length_tablet=&#8221;0px&#8221; header_4_text_shadow_vertical_length_tablet=&#8221;0px&#8221; header_4_text_shadow_blur_strength_tablet=&#8221;1px&#8221; header_5_text_shadow_horizontal_length_tablet=&#8221;0px&#8221; header_5_text_shadow_vertical_length_tablet=&#8221;0px&#8221; header_5_text_shadow_blur_strength_tablet=&#8221;1px&#8221; header_6_text_shadow_horizontal_length_tablet=&#8221;0px&#8221; header_6_text_shadow_vertical_length_tablet=&#8221;0px&#8221; header_6_text_shadow_blur_strength_tablet=&#8221;1px&#8221; box_shadow_horizontal_tablet=&#8221;0px&#8221; box_shadow_vertical_tablet=&#8221;0px&#8221; box_shadow_blur_tablet=&#8221;40px&#8221; box_shadow_spread_tablet=&#8221;0px&#8221;]<\/p>\n<h2>LOJA ONLINE<\/h2>\n<p>[\/et_pb_text][et_pb_text _builder_version=&#8221;4.6.6&#8243; vertical_offset_tablet=&#8221;0&#8243; horizontal_offset_tablet=&#8221;0&#8243; text_orientation=&#8221;center&#8221; z_index_tablet=&#8221;0&#8243; text_text_shadow_horizontal_length_tablet=&#8221;0px&#8221; text_text_shadow_vertical_length_tablet=&#8221;0px&#8221; text_text_shadow_blur_strength_tablet=&#8221;1px&#8221; link_text_shadow_horizontal_length_tablet=&#8221;0px&#8221; link_text_shadow_vertical_length_tablet=&#8221;0px&#8221; link_text_shadow_blur_strength_tablet=&#8221;1px&#8221; ul_text_shadow_horizontal_length_tablet=&#8221;0px&#8221; ul_text_shadow_vertical_length_tablet=&#8221;0px&#8221; ul_text_shadow_blur_strength_tablet=&#8221;1px&#8221; ol_text_shadow_horizontal_length_tablet=&#8221;0px&#8221; ol_text_shadow_vertical_length_tablet=&#8221;0px&#8221; ol_text_shadow_blur_strength_tablet=&#8221;1px&#8221; quote_text_shadow_horizontal_length_tablet=&#8221;0px&#8221; quote_text_shadow_vertical_length_tablet=&#8221;0px&#8221; quote_text_shadow_blur_strength_tablet=&#8221;1px&#8221; header_text_shadow_horizontal_length_tablet=&#8221;0px&#8221; header_text_shadow_vertical_length_tablet=&#8221;0px&#8221; header_text_shadow_blur_strength_tablet=&#8221;1px&#8221; header_2_text_shadow_horizontal_length_tablet=&#8221;0px&#8221; header_2_text_shadow_vertical_length_tablet=&#8221;0px&#8221; header_2_text_shadow_blur_strength_tablet=&#8221;1px&#8221; header_3_text_shadow_horizontal_length_tablet=&#8221;0px&#8221; header_3_text_shadow_vertical_length_tablet=&#8221;0px&#8221; header_3_text_shadow_blur_strength_tablet=&#8221;1px&#8221; header_4_text_shadow_horizontal_length_tablet=&#8221;0px&#8221; header_4_text_shadow_vertical_length_tablet=&#8221;0px&#8221; header_4_text_shadow_blur_strength_tablet=&#8221;1px&#8221; header_5_text_shadow_horizontal_length_tablet=&#8221;0px&#8221; header_5_text_shadow_vertical_length_tablet=&#8221;0px&#8221; header_5_text_shadow_blur_strength_tablet=&#8221;1px&#8221; header_6_text_shadow_horizontal_length_tablet=&#8221;0px&#8221; header_6_text_shadow_vertical_length_tablet=&#8221;0px&#8221; header_6_text_shadow_blur_strength_tablet=&#8221;1px&#8221; box_shadow_horizontal_tablet=&#8221;0px&#8221; box_shadow_vertical_tablet=&#8221;0px&#8221; box_shadow_blur_tablet=&#8221;40px&#8221; box_shadow_spread_tablet=&#8221;0px&#8221;]<\/p>\n<p>Na nossa loja online encontrar\u00e1 uma interessante sele\u00e7\u00e3o de copos e ta\u00e7as, bem como a descri\u00e7\u00e3o do processo para que possa escolher a refer\u00eancia que mais lhe interessa, conhecer o pre\u00e7o e enviar-nos os elementos necess\u00e1rios para grava\u00e7\u00e3o do artigo.<\/p>\n<p>Assim, de uma forma simples e confort\u00e1vel, poder\u00e1 adquirir artigos de vidro \u00fanicos para eventos, comemora\u00e7\u00f5es ou uso profissional.<\/p>\n<p>Esta \u00e9 a grande mais-valia que lhe oferecemos: a grava\u00e7\u00e3o transforma copos e ta\u00e7as em pe\u00e7as \u00fanicas, com a garantia da melhor qualidade e realizados com a t\u00e9cnica que confere maior defini\u00e7\u00e3o \u00e0 impress\u00e3o e maior resist\u00eancia \u00e0s lavagens.<br \/>A cor mais procurada para a grava\u00e7\u00e3o \u00e9 a do efeito da foscagem (efeito semelhante ao cristal lapidado) e ser\u00e1 esta a utilizada por defeito a menos que nos informe de outra prefer\u00eancia na encomenda. Outras cores habituais s\u00e3o o preto, o vermelho, o verde e o azul.<\/p>\n<p>Ap\u00f3s a realiza\u00e7\u00e3o do seu pedido, enviar-lhe-emos por correio eletr\u00f3nico um esbo\u00e7o com a simula\u00e7\u00e3o da grava\u00e7\u00e3o na ta\u00e7a ou copo escolhido.<\/p>\n<p>Todos os nossos envios incluem um seguro anti-quebra que garante a reposi\u00e7\u00e3o do artigo em caso de rutura, desde que indique o ocorrido no documento de entrega da empresa transportadora.<br \/>Se as suas necessidades forem diferentes, seja na quantidade ou no tipo de artigo de vidro, pode solicitar-nos um estudo e um or\u00e7amento sem qualquer tipo de compromisso<\/p>\n<p>Se deseja mais informa\u00e7\u00e3o pode consultar o nosso <strong><a href=\"https:\/\/www.serijerez.com\/pt-pt\/como-comprar\/\">processo de compra<\/a><\/strong><\/p>\n<p>[\/et_pb_text][et_pb_shop type=&#8221;product_category&#8221; posts_number=&#8221;150&#8243; columns_number=&#8221;4&#8243; orderby=&#8221;price&#8221; _builder_version=&#8221;4.4.0&#8243; title_text_align=&#8221;center&#8221; vertical_offset_tablet=&#8221;0&#8243; horizontal_offset_tablet=&#8221;0&#8243; text_orientation=&#8221;center&#8221; custom_padding=&#8221;0px|||||&#8221; sale_price_line_height_tablet=&#8221;51&#8243; rating_font_size_tablet=&#8221;51&#8243; z_index_tablet=&#8221;500&#8243; title_text_shadow_horizontal_length_tablet=&#8221;0px&#8221; title_text_shadow_vertical_length_tablet=&#8221;0px&#8221; title_text_shadow_blur_strength_tablet=&#8221;1px&#8221; price_text_shadow_horizontal_length_tablet=&#8221;0px&#8221; price_text_shadow_vertical_length_tablet=&#8221;0px&#8221; price_text_shadow_blur_strength_tablet=&#8221;1px&#8221; sale_badge_text_shadow_horizontal_length_tablet=&#8221;0px&#8221; sale_badge_text_shadow_vertical_length_tablet=&#8221;0px&#8221; sale_badge_text_shadow_blur_strength_tablet=&#8221;1px&#8221; sale_price_text_shadow_horizontal_length_tablet=&#8221;0px&#8221; sale_price_text_shadow_vertical_length_tablet=&#8221;0px&#8221; sale_price_text_shadow_blur_strength_tablet=&#8221;1px&#8221; box_shadow_horizontal_tablet=&#8221;0px&#8221; box_shadow_vertical_tablet=&#8221;0px&#8221; box_shadow_blur_tablet=&#8221;40px&#8221; box_shadow_spread_tablet=&#8221;0px&#8221; box_shadow_horizontal_image_tablet=&#8221;0px&#8221; box_shadow_vertical_image_tablet=&#8221;0px&#8221; box_shadow_blur_image_tablet=&#8221;40px&#8221; box_shadow_spread_image_tablet=&#8221;0px&#8221; text_shadow_horizontal_length_tablet=&#8221;0px&#8221; text_shadow_vertical_length_tablet=&#8221;0px&#8221; text_shadow_blur_strength_tablet=&#8221;1px&#8221;]<br \/>\n[\/et_pb_shop][\/et_pb_column][\/et_pb_row][\/et_pb_section]<\/p>\n","protected":false},"excerpt":{"rendered":"<p><script type=\"text\/javascript\">jQuery(function() { _initLayerSlider( '#layerslider_25_1njdx9cic61cb', {createdWith: '6.9.2', sliderVersion: '6.11.2', allowFullscreen: true, pauseOnHover: 'enabled', skin: 'v6', sliderFadeInDuration: 350, useSrcset: true, skinsPath: 'https:\/\/www.serijerez.com\/wp-content\/plugins\/LayerSlider\/assets\/static\/layerslider\/skins\/', performanceMode: true}); });<\/script><div id=\"layerslider_25_1njdx9cic61cb\"  class=\"ls-wp-container fitvidsignore ls-selectable\" style=\"width:1920px;height:600px;margin:0 auto;margin-bottom: 0px;\"><div class=\"ls-slide\" ><img loading=\"lazy\" width=\"1920\" height=\"601\" src=\"https:\/\/www.serijerez.com\/wp-content\/uploads\/2019\/11\/banner_tienda1920.jpg\" class=\"ls-bg\" alt=\"\" decoding=\"async\" srcset=\"https:\/\/www.serijerez.com\/wp-content\/uploads\/2019\/11\/banner_tienda1920.jpg 1920w, https:\/\/www.serijerez.com\/wp-content\/uploads\/2019\/11\/banner_tienda1920-1280x401.jpg 1280w, https:\/\/www.serijerez.com\/wp-content\/uploads\/2019\/11\/banner_tienda1920-980x307.jpg 980w, https:\/\/www.serijerez.com\/wp-content\/uploads\/2019\/11\/banner_tienda1920-480x150.jpg 480w\" sizes=\"(min-width: 0px) and (max-width: 480px) 480px, (min-width: 481px) and (max-width: 980px) 980px, (min-width: 981px) and (max-width: 1280px) 1280px, (min-width: 1281px) 1920px, 100vw\" \/><h1 style=\"top:516px;left:1718px;text-align:center;background-size:inherit;background-position:inherit;font-size:30px;line-height:40px;color:#f0be35;\" class=\"ls-l ls-text-layer\" data-ls=\"offsetxin:right;transitionout:false;position:relative;\">SERVI\u00c7OS<\/h1><p style=\"top:556px;left:1028px;text-align:center;background-size:inherit;background-position:inherit;font-size:25px;line-height:40px;color:545454px;\" class=\"ls-l ls-text-layer\" data-ls=\"offsetxin:right;transitionout:false;texttransitionin:true;texttypein:chars_asc;position:relative;\">GRAVA\u00c7\u00c3O DE COPOS E TA\u00c7AS PARA PARTICULARES E EMPRESAS<\/p><div style=\"top:530px;left:917px;background-size:inherit;background-position:inherit;font-size:18px;\" class=\"ls-l ls-html-layer\" data-ls=\"delayin:3000;transitionout:false;position:relative;\"><span class=\"scroll-btn\"><a href=\"#inicio\"><span class=\"mouse\"><span><\/span><\/span><\/a><\/span><\/div><\/div><\/div>LOJA ONLINE Na nossa loja online encontrar\u00e1 uma interessante sele\u00e7\u00e3o de copos e ta\u00e7as, bem como a descri\u00e7\u00e3o do processo para que possa escolher a refer\u00eancia que mais lhe interessa, conhecer o pre\u00e7o e enviar-nos os elementos necess\u00e1rios para grava\u00e7\u00e3o do artigo. Assim, de uma forma simples e confort\u00e1vel, poder\u00e1 adquirir artigos de vidro [&hellip;]<\/p>\n","protected":false},"author":1,"featured_media":0,"parent":0,"menu_order":0,"comment_status":"closed","ping_status":"closed","template":"","meta":{"_et_pb_use_builder":"on","_et_pb_old_content":"","_et_gb_content_width":"","footnotes":""},"class_list":["post-3708","page","type-page","status-publish","hentry"],"yoast_head":"<!-- This site is optimized with the Yoast SEO plugin v26.0 - https:\/\/yoast.com\/wordpress\/plugins\/seo\/ -->\n<title>Grava\u00e7\u00e3o de copos e ta\u00e7as para particulares e empresas<\/title>\n<meta name=\"robots\" content=\"index, follow, max-snippet:-1, max-image-preview:large, max-video-preview:-1\" \/>\n<link rel=\"canonical\" href=\"https:\/\/www.serijerez.com\/pt-pt\/loja-online\/\" \/>\n<meta property=\"og:locale\" content=\"pt_PT\" \/>\n<meta property=\"og:type\" content=\"article\" \/>\n<meta property=\"og:title\" content=\"Grava\u00e7\u00e3o de copos e ta\u00e7as para particulares e empresas\" \/>\n<meta property=\"og:description\" content=\"LOJA ONLINE Na nossa loja online encontrar\u00e1 uma interessante sele\u00e7\u00e3o de copos e ta\u00e7as, bem como a descri\u00e7\u00e3o do processo para que possa escolher a refer\u00eancia que mais lhe interessa, conhecer o pre\u00e7o e enviar-nos os elementos necess\u00e1rios para grava\u00e7\u00e3o do artigo. Assim, de uma forma simples e confort\u00e1vel, poder\u00e1 adquirir artigos de vidro [&hellip;]\" \/>\n<meta property=\"og:url\" content=\"https:\/\/www.serijerez.com\/pt-pt\/loja-online\/\" \/>\n<meta property=\"og:site_name\" content=\"SERIJEREZ\" \/>\n<meta property=\"article:modified_time\" content=\"2020-11-09T10:22:53+00:00\" \/>\n<meta name=\"twitter:card\" content=\"summary_large_image\" \/>\n<meta name=\"twitter:label1\" content=\"Tempo estimado de leitura\" \/>\n\t<meta name=\"twitter:data1\" content=\"6 minutos\" \/>\n<script type=\"application\/ld+json\" class=\"yoast-schema-graph\">{\"@context\":\"https:\/\/schema.org\",\"@graph\":[{\"@type\":\"WebPage\",\"@id\":\"https:\/\/www.serijerez.com\/pt-pt\/loja-online\/\",\"url\":\"https:\/\/www.serijerez.com\/pt-pt\/loja-online\/\",\"name\":\"Grava\u00e7\u00e3o de copos e ta\u00e7as para particulares e empresas\",\"isPartOf\":{\"@id\":\"https:\/\/www.serijerez.com\/pt-pt\/#website\"},\"datePublished\":\"2020-02-27T10:30:33+00:00\",\"dateModified\":\"2020-11-09T10:22:53+00:00\",\"breadcrumb\":{\"@id\":\"https:\/\/www.serijerez.com\/pt-pt\/loja-online\/#breadcrumb\"},\"inLanguage\":\"pt-PT\",\"potentialAction\":[{\"@type\":\"ReadAction\",\"target\":[\"https:\/\/www.serijerez.com\/pt-pt\/loja-online\/\"]}]},{\"@type\":\"BreadcrumbList\",\"@id\":\"https:\/\/www.serijerez.com\/pt-pt\/loja-online\/#breadcrumb\",\"itemListElement\":[{\"@type\":\"ListItem\",\"position\":1,\"name\":\"Portada\",\"item\":\"https:\/\/www.serijerez.com\/pt-pt\/\"},{\"@type\":\"ListItem\",\"position\":2,\"name\":\"LOJA ONLINE\"}]},{\"@type\":\"WebSite\",\"@id\":\"https:\/\/www.serijerez.com\/pt-pt\/#website\",\"url\":\"https:\/\/www.serijerez.com\/pt-pt\/\",\"name\":\"SERIJEREZ\",\"description\":\"Serijerez, serigraf\u00eda en vidrio, decoraci\u00f3n industrial de vidrio, cristal y cer\u00e1mica.\",\"potentialAction\":[{\"@type\":\"SearchAction\",\"target\":{\"@type\":\"EntryPoint\",\"urlTemplate\":\"https:\/\/www.serijerez.com\/pt-pt\/?s={search_term_string}\"},\"query-input\":{\"@type\":\"PropertyValueSpecification\",\"valueRequired\":true,\"valueName\":\"search_term_string\"}}],\"inLanguage\":\"pt-PT\"}]}<\/script>\n<!-- \/ Yoast SEO plugin. -->","yoast_head_json":{"title":"Grava\u00e7\u00e3o de copos e ta\u00e7as para particulares e empresas","robots":{"index":"index","follow":"follow","max-snippet":"max-snippet:-1","max-image-preview":"max-image-preview:large","max-video-preview":"max-video-preview:-1"},"canonical":"https:\/\/www.serijerez.com\/pt-pt\/loja-online\/","og_locale":"pt_PT","og_type":"article","og_title":"Grava\u00e7\u00e3o de copos e ta\u00e7as para particulares e empresas","og_description":"LOJA ONLINE Na nossa loja online encontrar\u00e1 uma interessante sele\u00e7\u00e3o de copos e ta\u00e7as, bem como a descri\u00e7\u00e3o do processo para que possa escolher a refer\u00eancia que mais lhe interessa, conhecer o pre\u00e7o e enviar-nos os elementos necess\u00e1rios para grava\u00e7\u00e3o do artigo. Assim, de uma forma simples e confort\u00e1vel, poder\u00e1 adquirir artigos de vidro [&hellip;]","og_url":"https:\/\/www.serijerez.com\/pt-pt\/loja-online\/","og_site_name":"SERIJEREZ","article_modified_time":"2020-11-09T10:22:53+00:00","twitter_card":"summary_large_image","twitter_misc":{"Tempo estimado de leitura":"6 minutos"},"schema":{"@context":"https:\/\/schema.org","@graph":[{"@type":"WebPage","@id":"https:\/\/www.serijerez.com\/pt-pt\/loja-online\/","url":"https:\/\/www.serijerez.com\/pt-pt\/loja-online\/","name":"Grava\u00e7\u00e3o de copos e ta\u00e7as para particulares e empresas","isPartOf":{"@id":"https:\/\/www.serijerez.com\/pt-pt\/#website"},"datePublished":"2020-02-27T10:30:33+00:00","dateModified":"2020-11-09T10:22:53+00:00","breadcrumb":{"@id":"https:\/\/www.serijerez.com\/pt-pt\/loja-online\/#breadcrumb"},"inLanguage":"pt-PT","potentialAction":[{"@type":"ReadAction","target":["https:\/\/www.serijerez.com\/pt-pt\/loja-online\/"]}]},{"@type":"BreadcrumbList","@id":"https:\/\/www.serijerez.com\/pt-pt\/loja-online\/#breadcrumb","itemListElement":[{"@type":"ListItem","position":1,"name":"Portada","item":"https:\/\/www.serijerez.com\/pt-pt\/"},{"@type":"ListItem","position":2,"name":"LOJA ONLINE"}]},{"@type":"WebSite","@id":"https:\/\/www.serijerez.com\/pt-pt\/#website","url":"https:\/\/www.serijerez.com\/pt-pt\/","name":"SERIJEREZ","description":"Serijerez, serigraf\u00eda en vidrio, decoraci\u00f3n industrial de vidrio, cristal y cer\u00e1mica.","potentialAction":[{"@type":"SearchAction","target":{"@type":"EntryPoint","urlTemplate":"https:\/\/www.serijerez.com\/pt-pt\/?s={search_term_string}"},"query-input":{"@type":"PropertyValueSpecification","valueRequired":true,"valueName":"search_term_string"}}],"inLanguage":"pt-PT"}]}},"_links":{"self":[{"href":"https:\/\/www.serijerez.com\/pt-pt\/wp-json\/wp\/v2\/pages\/3708","targetHints":{"allow":["GET"]}}],"collection":[{"href":"https:\/\/www.serijerez.com\/pt-pt\/wp-json\/wp\/v2\/pages"}],"about":[{"href":"https:\/\/www.serijerez.com\/pt-pt\/wp-json\/wp\/v2\/types\/page"}],"author":[{"embeddable":true,"href":"https:\/\/www.serijerez.com\/pt-pt\/wp-json\/wp\/v2\/users\/1"}],"replies":[{"embeddable":true,"href":"https:\/\/www.serijerez.com\/pt-pt\/wp-json\/wp\/v2\/comments?post=3708"}],"version-history":[{"count":7,"href":"https:\/\/www.serijerez.com\/pt-pt\/wp-json\/wp\/v2\/pages\/3708\/revisions"}],"predecessor-version":[{"id":5404,"href":"https:\/\/www.serijerez.com\/pt-pt\/wp-json\/wp\/v2\/pages\/3708\/revisions\/5404"}],"wp:attachment":[{"href":"https:\/\/www.serijerez.com\/pt-pt\/wp-json\/wp\/v2\/media?parent=3708"}],"curies":[{"name":"wp","href":"https:\/\/api.w.org\/{rel}","templated":true}]}}