{"id":3786,"date":"2019-11-21T14:31:50","date_gmt":"2019-11-21T13:31:50","guid":{"rendered":"https:\/\/www.serijerez.com\/como-comprar\/"},"modified":"2020-03-03T17:56:30","modified_gmt":"2020-03-03T16:56:30","slug":"how-to-order","status":"publish","type":"page","link":"https:\/\/www.serijerez.com\/en\/how-to-order\/","title":{"rendered":"HOW TO ORDER"},"content":{"rendered":"<p>[et_pb_section bb_built=&#8221;1&#8243; fullwidth=&#8221;on&#8221; _builder_version=&#8221;4.0.4&#8243; next_background_color=&#8221;#000000&#8243;][et_pb_fullwidth_code _builder_version=&#8221;4.3.4&#8243; box_shadow_horizontal_tablet=&#8221;0px&#8221; box_shadow_vertical_tablet=&#8221;0px&#8221; box_shadow_blur_tablet=&#8221;40px&#8221; box_shadow_spread_tablet=&#8221;0px&#8221; vertical_offset_tablet=&#8221;0&#8243; horizontal_offset_tablet=&#8221;0&#8243;]<script type=\"text\/javascript\">jQuery(function() { _initLayerSlider( '#layerslider_16_h4pdrecyx96g', {createdWith: '6.9.2', sliderVersion: '6.10.2', allowFullscreen: true, pauseOnHover: 'enabled', skin: 'v6', sliderFadeInDuration: 350, useSrcset: true, skinsPath: 'https:\/\/www.serijerez.com\/wp-content\/plugins\/LayerSlider\/assets\/static\/layerslider\/skins\/', performanceMode: true}); });<\/script><div id=\"layerslider_16_h4pdrecyx96g\"  class=\"ls-wp-container fitvidsignore ls-selectable\" style=\"width:1920px;height:600px;margin:0 auto;margin-bottom: 0px;\"><div class=\"ls-slide\" ><img loading=\"lazy\" decoding=\"async\" width=\"1920\" height=\"601\" src=\"https:\/\/www.serijerez.com\/wp-content\/uploads\/2019\/11\/banner_tienda1920.jpg\" class=\"ls-bg\" alt=\"\" srcset=\"https:\/\/www.serijerez.com\/wp-content\/uploads\/2019\/11\/banner_tienda1920.jpg 1920w, https:\/\/www.serijerez.com\/wp-content\/uploads\/2019\/11\/banner_tienda1920-1280x401.jpg 1280w, https:\/\/www.serijerez.com\/wp-content\/uploads\/2019\/11\/banner_tienda1920-980x307.jpg 980w, https:\/\/www.serijerez.com\/wp-content\/uploads\/2019\/11\/banner_tienda1920-480x150.jpg 480w\" sizes=\"(min-width: 0px) and (max-width: 480px) 480px, (min-width: 481px) and (max-width: 980px) 980px, (min-width: 981px) and (max-width: 1280px) 1280px, (min-width: 1281px) 1920px, 100vw\" \/><h1 style=\"top:516px;left:1698px;text-align:center;background-size:inherit;background-position:inherit;font-size:30px;line-height:40px;color:#f0be35;\" class=\"ls-l ls-text-layer\" data-ls=\"offsetxin:right;transitionout:false;position:relative;\">SERVICES<\/h1><p style=\"top:556px;left:1020px;text-align:center;background-size:inherit;background-position:inherit;font-size:27px;line-height:40px;color:545454px;\" class=\"ls-l ls-text-layer\" data-ls=\"offsetxin:right;transitionout:false;texttransitionin:true;texttypein:chars_asc;position:relative;\">PERSONALISATION FOR INDIVIDUALS AND PROFESSIONALS<\/p><div style=\"top:530px;left:917px;background-size:inherit;background-position:inherit;font-size:18px;\" class=\"ls-l ls-html-layer\" data-ls=\"delayin:3000;transitionout:false;position:relative;\"><span class=\"scroll-btn\"><a href=\"#inicio\"><span class=\"mouse\"><span><\/span><\/span><\/a><\/span><\/div><\/div><\/div>[\/et_pb_fullwidth_code][\/et_pb_section][et_pb_section bb_built=&#8221;1&#8243; module_id=&#8221;inicio&#8221; _builder_version=&#8221;4.0.4&#8243; custom_padding=&#8221;0px|||||&#8221; prev_background_color=&#8221;#000000&#8243;][et_pb_row _builder_version=&#8221;3.29.3&#8243; width=&#8221;60%&#8221; z_index_tablet=&#8221;500&#8243; box_shadow_horizontal_tablet=&#8221;0px&#8221; box_shadow_vertical_tablet=&#8221;0px&#8221; box_shadow_blur_tablet=&#8221;40px&#8221; box_shadow_spread_tablet=&#8221;0px&#8221;][et_pb_column type=&#8221;4_4&#8243; _builder_version=&#8221;3.0.47&#8243; custom_padding=&#8221;|||&#8221; custom_padding__hover=&#8221;|||&#8221;][et_pb_text _builder_version=&#8221;4.3.4&#8243; header_2_font=&#8221;|300|||||||&#8221; header_2_font_size=&#8221;30px&#8221; text_orientation=&#8221;center&#8221; custom_margin=&#8221;||0px|||&#8221; text_text_shadow_horizontal_length=&#8221;text_text_shadow_style,%91object Object%93&#8243; text_text_shadow_horizontal_length_tablet=&#8221;0px&#8221; text_text_shadow_vertical_length=&#8221;text_text_shadow_style,%91object Object%93&#8243; text_text_shadow_vertical_length_tablet=&#8221;0px&#8221; text_text_shadow_blur_strength=&#8221;text_text_shadow_style,%91object Object%93&#8243; text_text_shadow_blur_strength_tablet=&#8221;1px&#8221; link_text_shadow_horizontal_length=&#8221;link_text_shadow_style,%91object Object%93&#8243; link_text_shadow_horizontal_length_tablet=&#8221;0px&#8221; link_text_shadow_vertical_length=&#8221;link_text_shadow_style,%91object Object%93&#8243; link_text_shadow_vertical_length_tablet=&#8221;0px&#8221; link_text_shadow_blur_strength=&#8221;link_text_shadow_style,%91object Object%93&#8243; link_text_shadow_blur_strength_tablet=&#8221;1px&#8221; ul_text_shadow_horizontal_length=&#8221;ul_text_shadow_style,%91object Object%93&#8243; ul_text_shadow_horizontal_length_tablet=&#8221;0px&#8221; ul_text_shadow_vertical_length=&#8221;ul_text_shadow_style,%91object Object%93&#8243; ul_text_shadow_vertical_length_tablet=&#8221;0px&#8221; ul_text_shadow_blur_strength=&#8221;ul_text_shadow_style,%91object Object%93&#8243; ul_text_shadow_blur_strength_tablet=&#8221;1px&#8221; ol_text_shadow_horizontal_length=&#8221;ol_text_shadow_style,%91object Object%93&#8243; ol_text_shadow_horizontal_length_tablet=&#8221;0px&#8221; ol_text_shadow_vertical_length=&#8221;ol_text_shadow_style,%91object Object%93&#8243; ol_text_shadow_vertical_length_tablet=&#8221;0px&#8221; ol_text_shadow_blur_strength=&#8221;ol_text_shadow_style,%91object Object%93&#8243; ol_text_shadow_blur_strength_tablet=&#8221;1px&#8221; quote_text_shadow_horizontal_length=&#8221;quote_text_shadow_style,%91object Object%93&#8243; quote_text_shadow_horizontal_length_tablet=&#8221;0px&#8221; quote_text_shadow_vertical_length=&#8221;quote_text_shadow_style,%91object Object%93&#8243; quote_text_shadow_vertical_length_tablet=&#8221;0px&#8221; quote_text_shadow_blur_strength=&#8221;quote_text_shadow_style,%91object Object%93&#8243; quote_text_shadow_blur_strength_tablet=&#8221;1px&#8221; header_text_shadow_horizontal_length=&#8221;header_text_shadow_style,%91object Object%93&#8243; header_text_shadow_horizontal_length_tablet=&#8221;0px&#8221; header_text_shadow_vertical_length=&#8221;header_text_shadow_style,%91object Object%93&#8243; header_text_shadow_vertical_length_tablet=&#8221;0px&#8221; header_text_shadow_blur_strength=&#8221;header_text_shadow_style,%91object Object%93&#8243; header_text_shadow_blur_strength_tablet=&#8221;1px&#8221; header_2_text_shadow_horizontal_length=&#8221;header_2_text_shadow_style,%91object Object%93&#8243; header_2_text_shadow_horizontal_length_tablet=&#8221;0px&#8221; header_2_text_shadow_vertical_length=&#8221;header_2_text_shadow_style,%91object Object%93&#8243; header_2_text_shadow_vertical_length_tablet=&#8221;0px&#8221; header_2_text_shadow_blur_strength=&#8221;header_2_text_shadow_style,%91object Object%93&#8243; header_2_text_shadow_blur_strength_tablet=&#8221;1px&#8221; header_3_text_shadow_horizontal_length=&#8221;header_3_text_shadow_style,%91object Object%93&#8243; header_3_text_shadow_horizontal_length_tablet=&#8221;0px&#8221; header_3_text_shadow_vertical_length=&#8221;header_3_text_shadow_style,%91object Object%93&#8243; header_3_text_shadow_vertical_length_tablet=&#8221;0px&#8221; header_3_text_shadow_blur_strength=&#8221;header_3_text_shadow_style,%91object Object%93&#8243; header_3_text_shadow_blur_strength_tablet=&#8221;1px&#8221; header_4_text_shadow_horizontal_length=&#8221;header_4_text_shadow_style,%91object Object%93&#8243; header_4_text_shadow_horizontal_length_tablet=&#8221;0px&#8221; header_4_text_shadow_vertical_length=&#8221;header_4_text_shadow_style,%91object Object%93&#8243; header_4_text_shadow_vertical_length_tablet=&#8221;0px&#8221; header_4_text_shadow_blur_strength=&#8221;header_4_text_shadow_style,%91object Object%93&#8243; header_4_text_shadow_blur_strength_tablet=&#8221;1px&#8221; header_5_text_shadow_horizontal_length=&#8221;header_5_text_shadow_style,%91object Object%93&#8243; header_5_text_shadow_horizontal_length_tablet=&#8221;0px&#8221; header_5_text_shadow_vertical_length=&#8221;header_5_text_shadow_style,%91object Object%93&#8243; header_5_text_shadow_vertical_length_tablet=&#8221;0px&#8221; header_5_text_shadow_blur_strength=&#8221;header_5_text_shadow_style,%91object Object%93&#8243; header_5_text_shadow_blur_strength_tablet=&#8221;1px&#8221; header_6_text_shadow_horizontal_length=&#8221;header_6_text_shadow_style,%91object Object%93&#8243; header_6_text_shadow_horizontal_length_tablet=&#8221;0px&#8221; header_6_text_shadow_vertical_length=&#8221;header_6_text_shadow_style,%91object Object%93&#8243; header_6_text_shadow_vertical_length_tablet=&#8221;0px&#8221; header_6_text_shadow_blur_strength=&#8221;header_6_text_shadow_style,%91object Object%93&#8243; header_6_text_shadow_blur_strength_tablet=&#8221;1px&#8221; box_shadow_horizontal_tablet=&#8221;0px&#8221; box_shadow_vertical_tablet=&#8221;0px&#8221; box_shadow_blur_tablet=&#8221;40px&#8221; box_shadow_spread_tablet=&#8221;0px&#8221; vertical_offset_tablet=&#8221;0&#8243; horizontal_offset_tablet=&#8221;0&#8243; z_index_tablet=&#8221;0&#8243;]<\/p>\n<h2>HOW TO ORDER<\/h2>\n<p>[\/et_pb_text][et_pb_image src=&#8221;https:\/\/www.serijerez.com\/wp-content\/uploads\/2019\/12\/iconos_proceso_compra.jpg&#8221; _builder_version=&#8221;4.3.4&#8243; align=&#8221;center&#8221; hover_enabled=&#8221;0&#8243; custom_margin=&#8221;||6px|||&#8221; box_shadow_horizontal_tablet=&#8221;0px&#8221; box_shadow_vertical_tablet=&#8221;0px&#8221; box_shadow_blur_tablet=&#8221;40px&#8221; box_shadow_spread_tablet=&#8221;0px&#8221; vertical_offset_tablet=&#8221;0&#8243; horizontal_offset_tablet=&#8221;0&#8243; z_index_tablet=&#8221;0&#8243;]<\/p>\n<p>[\/et_pb_image][et_pb_text _builder_version=&#8221;4.3.4&#8243; custom_margin=&#8221;2px|||||&#8221; text_text_shadow_horizontal_length=&#8221;text_text_shadow_style,%91object Object%93&#8243; text_text_shadow_horizontal_length_tablet=&#8221;0px&#8221; text_text_shadow_vertical_length=&#8221;text_text_shadow_style,%91object Object%93&#8243; text_text_shadow_vertical_length_tablet=&#8221;0px&#8221; text_text_shadow_blur_strength=&#8221;text_text_shadow_style,%91object Object%93&#8243; text_text_shadow_blur_strength_tablet=&#8221;1px&#8221; link_text_shadow_horizontal_length=&#8221;link_text_shadow_style,%91object Object%93&#8243; link_text_shadow_horizontal_length_tablet=&#8221;0px&#8221; link_text_shadow_vertical_length=&#8221;link_text_shadow_style,%91object Object%93&#8243; link_text_shadow_vertical_length_tablet=&#8221;0px&#8221; link_text_shadow_blur_strength=&#8221;link_text_shadow_style,%91object Object%93&#8243; link_text_shadow_blur_strength_tablet=&#8221;1px&#8221; ul_text_shadow_horizontal_length=&#8221;ul_text_shadow_style,%91object Object%93&#8243; ul_text_shadow_horizontal_length_tablet=&#8221;0px&#8221; ul_text_shadow_vertical_length=&#8221;ul_text_shadow_style,%91object Object%93&#8243; ul_text_shadow_vertical_length_tablet=&#8221;0px&#8221; ul_text_shadow_blur_strength=&#8221;ul_text_shadow_style,%91object Object%93&#8243; ul_text_shadow_blur_strength_tablet=&#8221;1px&#8221; ol_text_shadow_horizontal_length=&#8221;ol_text_shadow_style,%91object Object%93&#8243; ol_text_shadow_horizontal_length_tablet=&#8221;0px&#8221; ol_text_shadow_vertical_length=&#8221;ol_text_shadow_style,%91object Object%93&#8243; ol_text_shadow_vertical_length_tablet=&#8221;0px&#8221; ol_text_shadow_blur_strength=&#8221;ol_text_shadow_style,%91object Object%93&#8243; ol_text_shadow_blur_strength_tablet=&#8221;1px&#8221; quote_text_shadow_horizontal_length=&#8221;quote_text_shadow_style,%91object Object%93&#8243; quote_text_shadow_horizontal_length_tablet=&#8221;0px&#8221; quote_text_shadow_vertical_length=&#8221;quote_text_shadow_style,%91object Object%93&#8243; quote_text_shadow_vertical_length_tablet=&#8221;0px&#8221; quote_text_shadow_blur_strength=&#8221;quote_text_shadow_style,%91object Object%93&#8243; quote_text_shadow_blur_strength_tablet=&#8221;1px&#8221; header_text_shadow_horizontal_length=&#8221;header_text_shadow_style,%91object Object%93&#8243; header_text_shadow_horizontal_length_tablet=&#8221;0px&#8221; header_text_shadow_vertical_length=&#8221;header_text_shadow_style,%91object Object%93&#8243; header_text_shadow_vertical_length_tablet=&#8221;0px&#8221; header_text_shadow_blur_strength=&#8221;header_text_shadow_style,%91object Object%93&#8243; header_text_shadow_blur_strength_tablet=&#8221;1px&#8221; header_2_text_shadow_horizontal_length=&#8221;header_2_text_shadow_style,%91object Object%93&#8243; header_2_text_shadow_horizontal_length_tablet=&#8221;0px&#8221; header_2_text_shadow_vertical_length=&#8221;header_2_text_shadow_style,%91object Object%93&#8243; header_2_text_shadow_vertical_length_tablet=&#8221;0px&#8221; header_2_text_shadow_blur_strength=&#8221;header_2_text_shadow_style,%91object Object%93&#8243; header_2_text_shadow_blur_strength_tablet=&#8221;1px&#8221; header_3_text_shadow_horizontal_length=&#8221;header_3_text_shadow_style,%91object Object%93&#8243; header_3_text_shadow_horizontal_length_tablet=&#8221;0px&#8221; header_3_text_shadow_vertical_length=&#8221;header_3_text_shadow_style,%91object Object%93&#8243; header_3_text_shadow_vertical_length_tablet=&#8221;0px&#8221; header_3_text_shadow_blur_strength=&#8221;header_3_text_shadow_style,%91object Object%93&#8243; header_3_text_shadow_blur_strength_tablet=&#8221;1px&#8221; header_4_text_shadow_horizontal_length=&#8221;header_4_text_shadow_style,%91object Object%93&#8243; header_4_text_shadow_horizontal_length_tablet=&#8221;0px&#8221; header_4_text_shadow_vertical_length=&#8221;header_4_text_shadow_style,%91object Object%93&#8243; header_4_text_shadow_vertical_length_tablet=&#8221;0px&#8221; header_4_text_shadow_blur_strength=&#8221;header_4_text_shadow_style,%91object Object%93&#8243; header_4_text_shadow_blur_strength_tablet=&#8221;1px&#8221; header_5_text_shadow_horizontal_length=&#8221;header_5_text_shadow_style,%91object Object%93&#8243; header_5_text_shadow_horizontal_length_tablet=&#8221;0px&#8221; header_5_text_shadow_vertical_length=&#8221;header_5_text_shadow_style,%91object Object%93&#8243; header_5_text_shadow_vertical_length_tablet=&#8221;0px&#8221; header_5_text_shadow_blur_strength=&#8221;header_5_text_shadow_style,%91object Object%93&#8243; header_5_text_shadow_blur_strength_tablet=&#8221;1px&#8221; header_6_text_shadow_horizontal_length=&#8221;header_6_text_shadow_style,%91object Object%93&#8243; header_6_text_shadow_horizontal_length_tablet=&#8221;0px&#8221; header_6_text_shadow_vertical_length=&#8221;header_6_text_shadow_style,%91object Object%93&#8243; header_6_text_shadow_vertical_length_tablet=&#8221;0px&#8221; header_6_text_shadow_blur_strength=&#8221;header_6_text_shadow_style,%91object Object%93&#8243; header_6_text_shadow_blur_strength_tablet=&#8221;1px&#8221; box_shadow_horizontal_tablet=&#8221;0px&#8221; box_shadow_vertical_tablet=&#8221;0px&#8221; box_shadow_blur_tablet=&#8221;40px&#8221; box_shadow_spread_tablet=&#8221;0px&#8221; vertical_offset_tablet=&#8221;0&#8243; horizontal_offset_tablet=&#8221;0&#8243; z_index_tablet=&#8221;0&#8243;]<\/p>\n<ol>\n<li>Select the item(s) you wish to have printed from those that interest you in our catalogue. Send us the design, colour and delivery location.<\/li>\n<li>We will send you the final price of your order including transportation (if necessary). We will address any queries you have and attach some images of similar work to your order.<\/li>\n<li>The formalisation of the order will be via email. You will be provided with the necessary information to proceed with the downpayment before production.<\/li>\n<li>We will send you a specification sheet for you to confirm the final design and send us your approval.<\/li>\n<li>After the completion of the work we will contact you for collection or shipment of the order.<\/li>\n<\/ol>\n<p>[\/et_pb_text][et_pb_button button_url=&#8221;https:\/\/www.serijerez.com\/en\/store\/&#8221; button_text=&#8221;GO TO THE STORE&#8221; button_alignment=&#8221;center&#8221; _builder_version=&#8221;4.3.4&#8243; button_text_shadow_horizontal_length=&#8221;button_text_shadow_style,%91object Object%93&#8243; button_text_shadow_horizontal_length_tablet=&#8221;0px&#8221; button_text_shadow_vertical_length=&#8221;button_text_shadow_style,%91object Object%93&#8243; button_text_shadow_vertical_length_tablet=&#8221;0px&#8221; button_text_shadow_blur_strength=&#8221;button_text_shadow_style,%91object Object%93&#8243; button_text_shadow_blur_strength_tablet=&#8221;1px&#8221; box_shadow_horizontal_tablet=&#8221;0px&#8221; box_shadow_vertical_tablet=&#8221;0px&#8221; box_shadow_blur_tablet=&#8221;40px&#8221; box_shadow_spread_tablet=&#8221;0px&#8221; vertical_offset_tablet=&#8221;0&#8243; horizontal_offset_tablet=&#8221;0&#8243; z_index_tablet=&#8221;0&#8243;]<\/p>\n<p>[\/et_pb_button][\/et_pb_column][\/et_pb_row][\/et_pb_section]<\/p>\n","protected":false},"excerpt":{"rendered":"<p><script type=\"text\/javascript\">jQuery(function() { _initLayerSlider( '#layerslider_16_1i53cxu5imbau', {createdWith: '6.9.2', sliderVersion: '6.10.2', allowFullscreen: true, pauseOnHover: 'enabled', skin: 'v6', sliderFadeInDuration: 350, useSrcset: true, skinsPath: 'https:\/\/www.serijerez.com\/wp-content\/plugins\/LayerSlider\/assets\/static\/layerslider\/skins\/', performanceMode: true}); });<\/script><div id=\"layerslider_16_1i53cxu5imbau\"  class=\"ls-wp-container fitvidsignore ls-selectable\" style=\"width:1920px;height:600px;margin:0 auto;margin-bottom: 0px;\"><div class=\"ls-slide\" ><img loading=\"lazy\" width=\"1920\" height=\"601\" src=\"https:\/\/www.serijerez.com\/wp-content\/uploads\/2019\/11\/banner_tienda1920.jpg\" class=\"ls-bg\" alt=\"\" decoding=\"async\" srcset=\"https:\/\/www.serijerez.com\/wp-content\/uploads\/2019\/11\/banner_tienda1920.jpg 1920w, https:\/\/www.serijerez.com\/wp-content\/uploads\/2019\/11\/banner_tienda1920-1280x401.jpg 1280w, https:\/\/www.serijerez.com\/wp-content\/uploads\/2019\/11\/banner_tienda1920-980x307.jpg 980w, https:\/\/www.serijerez.com\/wp-content\/uploads\/2019\/11\/banner_tienda1920-480x150.jpg 480w\" sizes=\"(min-width: 0px) and (max-width: 480px) 480px, (min-width: 481px) and (max-width: 980px) 980px, (min-width: 981px) and (max-width: 1280px) 1280px, (min-width: 1281px) 1920px, 100vw\" \/><h1 style=\"top:516px;left:1698px;text-align:center;background-size:inherit;background-position:inherit;font-size:30px;line-height:40px;color:#f0be35;\" class=\"ls-l ls-text-layer\" data-ls=\"offsetxin:right;transitionout:false;position:relative;\">SERVICES<\/h1><p style=\"top:556px;left:1020px;text-align:center;background-size:inherit;background-position:inherit;font-size:27px;line-height:40px;color:545454px;\" class=\"ls-l ls-text-layer\" data-ls=\"offsetxin:right;transitionout:false;texttransitionin:true;texttypein:chars_asc;position:relative;\">PERSONALISATION FOR INDIVIDUALS AND PROFESSIONALS<\/p><div style=\"top:530px;left:917px;background-size:inherit;background-position:inherit;font-size:18px;\" class=\"ls-l ls-html-layer\" data-ls=\"delayin:3000;transitionout:false;position:relative;\"><span class=\"scroll-btn\"><a href=\"#inicio\"><span class=\"mouse\"><span><\/span><\/span><\/a><\/span><\/div><\/div><\/div> HOW TO ORDER Select the item(s) you wish to have printed from those that interest you in our catalogue. Send us the design, colour and delivery location. We will send you the final price of your order including transportation (if necessary). We will address any queries you have and attach some images of [&hellip;]<\/p>\n","protected":false},"author":1,"featured_media":0,"parent":0,"menu_order":0,"comment_status":"closed","ping_status":"closed","template":"","meta":{"_et_pb_use_builder":"on","_et_pb_old_content":"","_et_gb_content_width":"","footnotes":""},"class_list":["post-3786","page","type-page","status-publish","hentry"],"yoast_head":"<!-- This site is optimized with the Yoast SEO plugin v26.0 - https:\/\/yoast.com\/wordpress\/plugins\/seo\/ -->\n<title>HOW TO ORDER - SERIJEREZ<\/title>\n<meta name=\"robots\" content=\"index, follow, max-snippet:-1, max-image-preview:large, max-video-preview:-1\" \/>\n<link rel=\"canonical\" href=\"https:\/\/www.serijerez.com\/en\/how-to-order\/\" \/>\n<meta property=\"og:locale\" content=\"en_US\" \/>\n<meta property=\"og:type\" content=\"article\" \/>\n<meta property=\"og:title\" content=\"HOW TO ORDER - SERIJEREZ\" \/>\n<meta property=\"og:description\" content=\"HOW TO ORDER Select the item(s) you wish to have printed from those that interest you in our catalogue. Send us the design, colour and delivery location. We will send you the final price of your order including transportation (if necessary). We will address any queries you have and attach some images of [&hellip;]\" \/>\n<meta property=\"og:url\" content=\"https:\/\/www.serijerez.com\/en\/how-to-order\/\" \/>\n<meta property=\"og:site_name\" content=\"SERIJEREZ\" \/>\n<meta property=\"article:modified_time\" content=\"2020-03-03T16:56:30+00:00\" \/>\n<meta name=\"twitter:card\" content=\"summary_large_image\" \/>\n<meta name=\"twitter:label1\" content=\"Est. reading time\" \/>\n\t<meta name=\"twitter:data1\" content=\"8 minutes\" \/>\n<script type=\"application\/ld+json\" class=\"yoast-schema-graph\">{\"@context\":\"https:\/\/schema.org\",\"@graph\":[{\"@type\":\"WebPage\",\"@id\":\"https:\/\/www.serijerez.com\/en\/how-to-order\/\",\"url\":\"https:\/\/www.serijerez.com\/en\/how-to-order\/\",\"name\":\"HOW TO ORDER - SERIJEREZ\",\"isPartOf\":{\"@id\":\"https:\/\/www.serijerez.com\/en\/#website\"},\"datePublished\":\"2019-11-21T13:31:50+00:00\",\"dateModified\":\"2020-03-03T16:56:30+00:00\",\"breadcrumb\":{\"@id\":\"https:\/\/www.serijerez.com\/en\/how-to-order\/#breadcrumb\"},\"inLanguage\":\"en-US\",\"potentialAction\":[{\"@type\":\"ReadAction\",\"target\":[\"https:\/\/www.serijerez.com\/en\/how-to-order\/\"]}]},{\"@type\":\"BreadcrumbList\",\"@id\":\"https:\/\/www.serijerez.com\/en\/how-to-order\/#breadcrumb\",\"itemListElement\":[{\"@type\":\"ListItem\",\"position\":1,\"name\":\"Portada\",\"item\":\"https:\/\/www.serijerez.com\/en\/\"},{\"@type\":\"ListItem\",\"position\":2,\"name\":\"HOW TO ORDER\"}]},{\"@type\":\"WebSite\",\"@id\":\"https:\/\/www.serijerez.com\/en\/#website\",\"url\":\"https:\/\/www.serijerez.com\/en\/\",\"name\":\"SERIJEREZ\",\"description\":\"Serijerez, serigraf\u00eda en vidrio, decoraci\u00f3n industrial de vidrio, cristal y cer\u00e1mica.\",\"potentialAction\":[{\"@type\":\"SearchAction\",\"target\":{\"@type\":\"EntryPoint\",\"urlTemplate\":\"https:\/\/www.serijerez.com\/en\/?s={search_term_string}\"},\"query-input\":{\"@type\":\"PropertyValueSpecification\",\"valueRequired\":true,\"valueName\":\"search_term_string\"}}],\"inLanguage\":\"en-US\"}]}<\/script>\n<!-- \/ Yoast SEO plugin. -->","yoast_head_json":{"title":"HOW TO ORDER - SERIJEREZ","robots":{"index":"index","follow":"follow","max-snippet":"max-snippet:-1","max-image-preview":"max-image-preview:large","max-video-preview":"max-video-preview:-1"},"canonical":"https:\/\/www.serijerez.com\/en\/how-to-order\/","og_locale":"en_US","og_type":"article","og_title":"HOW TO ORDER - SERIJEREZ","og_description":"HOW TO ORDER Select the item(s) you wish to have printed from those that interest you in our catalogue. Send us the design, colour and delivery location. We will send you the final price of your order including transportation (if necessary). We will address any queries you have and attach some images of [&hellip;]","og_url":"https:\/\/www.serijerez.com\/en\/how-to-order\/","og_site_name":"SERIJEREZ","article_modified_time":"2020-03-03T16:56:30+00:00","twitter_card":"summary_large_image","twitter_misc":{"Est. reading time":"8 minutes"},"schema":{"@context":"https:\/\/schema.org","@graph":[{"@type":"WebPage","@id":"https:\/\/www.serijerez.com\/en\/how-to-order\/","url":"https:\/\/www.serijerez.com\/en\/how-to-order\/","name":"HOW TO ORDER - SERIJEREZ","isPartOf":{"@id":"https:\/\/www.serijerez.com\/en\/#website"},"datePublished":"2019-11-21T13:31:50+00:00","dateModified":"2020-03-03T16:56:30+00:00","breadcrumb":{"@id":"https:\/\/www.serijerez.com\/en\/how-to-order\/#breadcrumb"},"inLanguage":"en-US","potentialAction":[{"@type":"ReadAction","target":["https:\/\/www.serijerez.com\/en\/how-to-order\/"]}]},{"@type":"BreadcrumbList","@id":"https:\/\/www.serijerez.com\/en\/how-to-order\/#breadcrumb","itemListElement":[{"@type":"ListItem","position":1,"name":"Portada","item":"https:\/\/www.serijerez.com\/en\/"},{"@type":"ListItem","position":2,"name":"HOW TO ORDER"}]},{"@type":"WebSite","@id":"https:\/\/www.serijerez.com\/en\/#website","url":"https:\/\/www.serijerez.com\/en\/","name":"SERIJEREZ","description":"Serijerez, serigraf\u00eda en vidrio, decoraci\u00f3n industrial de vidrio, cristal y cer\u00e1mica.","potentialAction":[{"@type":"SearchAction","target":{"@type":"EntryPoint","urlTemplate":"https:\/\/www.serijerez.com\/en\/?s={search_term_string}"},"query-input":{"@type":"PropertyValueSpecification","valueRequired":true,"valueName":"search_term_string"}}],"inLanguage":"en-US"}]}},"_links":{"self":[{"href":"https:\/\/www.serijerez.com\/en\/wp-json\/wp\/v2\/pages\/3786","targetHints":{"allow":["GET"]}}],"collection":[{"href":"https:\/\/www.serijerez.com\/en\/wp-json\/wp\/v2\/pages"}],"about":[{"href":"https:\/\/www.serijerez.com\/en\/wp-json\/wp\/v2\/types\/page"}],"author":[{"embeddable":true,"href":"https:\/\/www.serijerez.com\/en\/wp-json\/wp\/v2\/users\/1"}],"replies":[{"embeddable":true,"href":"https:\/\/www.serijerez.com\/en\/wp-json\/wp\/v2\/comments?post=3786"}],"version-history":[{"count":4,"href":"https:\/\/www.serijerez.com\/en\/wp-json\/wp\/v2\/pages\/3786\/revisions"}],"predecessor-version":[{"id":4260,"href":"https:\/\/www.serijerez.com\/en\/wp-json\/wp\/v2\/pages\/3786\/revisions\/4260"}],"wp:attachment":[{"href":"https:\/\/www.serijerez.com\/en\/wp-json\/wp\/v2\/media?parent=3786"}],"curies":[{"name":"wp","href":"https:\/\/api.w.org\/{rel}","templated":true}]}}