{"id":3704,"date":"2019-08-09T14:00:09","date_gmt":"2019-08-09T12:00:09","guid":{"rendered":"https:\/\/www.serijerez.com\/shop\/"},"modified":"2020-11-09T11:21:19","modified_gmt":"2020-11-09T10:21:19","slug":"store","status":"publish","type":"page","link":"https:\/\/www.serijerez.com\/en\/store\/","title":{"rendered":"STORE"},"content":{"rendered":"<p>[et_pb_section fb_built=&#8221;1&#8243; fullwidth=&#8221;on&#8221; _builder_version=&#8221;4.0.4&#8243;][et_pb_fullwidth_code _builder_version=&#8221;4.3.4&#8243; vertical_offset_tablet=&#8221;0&#8243; horizontal_offset_tablet=&#8221;0&#8243; box_shadow_horizontal_tablet=&#8221;0px&#8221; box_shadow_vertical_tablet=&#8221;0px&#8221; box_shadow_blur_tablet=&#8221;40px&#8221; box_shadow_spread_tablet=&#8221;0px&#8221;]<script type=\"text\/javascript\">jQuery(function() { _initLayerSlider( '#layerslider_17_i85x6xwr9ucm', {createdWith: '6.9.2', sliderVersion: '6.11.2', allowFullscreen: true, pauseOnHover: 'enabled', skin: 'v6', sliderFadeInDuration: 350, useSrcset: true, skinsPath: 'https:\/\/www.serijerez.com\/wp-content\/plugins\/LayerSlider\/assets\/static\/layerslider\/skins\/', performanceMode: true}); });<\/script><div id=\"layerslider_17_i85x6xwr9ucm\"  class=\"ls-wp-container fitvidsignore ls-selectable\" style=\"width:1920px;height:600px;margin:0 auto;margin-bottom: 0px;\"><div class=\"ls-slide\" ><img loading=\"lazy\" decoding=\"async\" width=\"1920\" height=\"601\" src=\"https:\/\/www.serijerez.com\/wp-content\/uploads\/2019\/11\/banner_tienda1920.jpg\" class=\"ls-bg\" alt=\"\" srcset=\"https:\/\/www.serijerez.com\/wp-content\/uploads\/2019\/11\/banner_tienda1920.jpg 1920w, https:\/\/www.serijerez.com\/wp-content\/uploads\/2019\/11\/banner_tienda1920-1280x401.jpg 1280w, https:\/\/www.serijerez.com\/wp-content\/uploads\/2019\/11\/banner_tienda1920-980x307.jpg 980w, https:\/\/www.serijerez.com\/wp-content\/uploads\/2019\/11\/banner_tienda1920-480x150.jpg 480w\" sizes=\"(min-width: 0px) and (max-width: 480px) 480px, (min-width: 481px) and (max-width: 980px) 980px, (min-width: 981px) and (max-width: 1280px) 1280px, (min-width: 1281px) 1920px, 100vw\" \/><h1 style=\"top:516px;left:1698px;text-align:center;background-size:inherit;background-position:inherit;font-size:30px;line-height:40px;color:#f0be35;\" class=\"ls-l ls-text-layer\" data-ls=\"offsetxin:right;transitionout:false;position:relative;\">SERVICES<\/h1><p style=\"top:556px;left:1101px;text-align:center;background-size:inherit;background-position:inherit;font-size:27px;line-height:40px;color:545454px;\" class=\"ls-l ls-text-layer\" data-ls=\"offsetxin:right;transitionout:false;texttransitionin:true;texttypein:chars_asc;position:relative;\">GLASS PRINTING FOR INDIVIDUALS AND COMPANIES<\/p><div style=\"top:530px;left:917px;background-size:inherit;background-position:inherit;font-size:18px;\" class=\"ls-l ls-html-layer\" data-ls=\"delayin:3000;transitionout:false;position:relative;\"><span class=\"scroll-btn\"><a href=\"#inicio\"><span class=\"mouse\"><span><\/span><\/span><\/a><\/span><\/div><\/div><\/div>[\/et_pb_fullwidth_code][\/et_pb_section][et_pb_section fb_built=&#8221;1&#8243; module_id=&#8221;inicio&#8221; _builder_version=&#8221;4.0.4&#8243; custom_padding=&#8221;0px|||||&#8221;][et_pb_row _builder_version=&#8221;4.0.7&#8243; z_index_tablet=&#8221;500&#8243; box_shadow_horizontal_tablet=&#8221;0px&#8221; box_shadow_vertical_tablet=&#8221;0px&#8221; box_shadow_blur_tablet=&#8221;40px&#8221; box_shadow_spread_tablet=&#8221;0px&#8221;][et_pb_column type=&#8221;4_4&#8243; _builder_version=&#8221;3.0.47&#8243; custom_padding=&#8221;|||&#8221; custom_padding__hover=&#8221;|||&#8221;][et_pb_text _builder_version=&#8221;4.3.4&#8243; header_2_font=&#8221;|300|||||||&#8221; header_2_font_size=&#8221;30px&#8221; vertical_offset_tablet=&#8221;0&#8243; horizontal_offset_tablet=&#8221;0&#8243; text_orientation=&#8221;center&#8221; custom_margin=&#8221;||-5px|||&#8221; z_index_tablet=&#8221;0&#8243; text_text_shadow_horizontal_length_tablet=&#8221;0px&#8221; text_text_shadow_vertical_length_tablet=&#8221;0px&#8221; text_text_shadow_blur_strength_tablet=&#8221;1px&#8221; link_text_shadow_horizontal_length_tablet=&#8221;0px&#8221; link_text_shadow_vertical_length_tablet=&#8221;0px&#8221; link_text_shadow_blur_strength_tablet=&#8221;1px&#8221; ul_text_shadow_horizontal_length_tablet=&#8221;0px&#8221; ul_text_shadow_vertical_length_tablet=&#8221;0px&#8221; ul_text_shadow_blur_strength_tablet=&#8221;1px&#8221; ol_text_shadow_horizontal_length_tablet=&#8221;0px&#8221; ol_text_shadow_vertical_length_tablet=&#8221;0px&#8221; ol_text_shadow_blur_strength_tablet=&#8221;1px&#8221; quote_text_shadow_horizontal_length_tablet=&#8221;0px&#8221; quote_text_shadow_vertical_length_tablet=&#8221;0px&#8221; quote_text_shadow_blur_strength_tablet=&#8221;1px&#8221; header_text_shadow_horizontal_length_tablet=&#8221;0px&#8221; header_text_shadow_vertical_length_tablet=&#8221;0px&#8221; header_text_shadow_blur_strength_tablet=&#8221;1px&#8221; header_2_text_shadow_horizontal_length_tablet=&#8221;0px&#8221; header_2_text_shadow_vertical_length_tablet=&#8221;0px&#8221; header_2_text_shadow_blur_strength_tablet=&#8221;1px&#8221; header_3_text_shadow_horizontal_length_tablet=&#8221;0px&#8221; header_3_text_shadow_vertical_length_tablet=&#8221;0px&#8221; header_3_text_shadow_blur_strength_tablet=&#8221;1px&#8221; header_4_text_shadow_horizontal_length_tablet=&#8221;0px&#8221; header_4_text_shadow_vertical_length_tablet=&#8221;0px&#8221; header_4_text_shadow_blur_strength_tablet=&#8221;1px&#8221; header_5_text_shadow_horizontal_length_tablet=&#8221;0px&#8221; header_5_text_shadow_vertical_length_tablet=&#8221;0px&#8221; header_5_text_shadow_blur_strength_tablet=&#8221;1px&#8221; header_6_text_shadow_horizontal_length_tablet=&#8221;0px&#8221; header_6_text_shadow_vertical_length_tablet=&#8221;0px&#8221; header_6_text_shadow_blur_strength_tablet=&#8221;1px&#8221; box_shadow_horizontal_tablet=&#8221;0px&#8221; box_shadow_vertical_tablet=&#8221;0px&#8221; box_shadow_blur_tablet=&#8221;40px&#8221; box_shadow_spread_tablet=&#8221;0px&#8221;]<\/p>\n<h2>STORE<\/h2>\n<p>[\/et_pb_text][et_pb_text _builder_version=&#8221;4.6.6&#8243; vertical_offset_tablet=&#8221;0&#8243; horizontal_offset_tablet=&#8221;0&#8243; text_orientation=&#8221;center&#8221; z_index_tablet=&#8221;0&#8243; text_text_shadow_horizontal_length_tablet=&#8221;0px&#8221; text_text_shadow_vertical_length_tablet=&#8221;0px&#8221; text_text_shadow_blur_strength_tablet=&#8221;1px&#8221; link_text_shadow_horizontal_length_tablet=&#8221;0px&#8221; link_text_shadow_vertical_length_tablet=&#8221;0px&#8221; link_text_shadow_blur_strength_tablet=&#8221;1px&#8221; ul_text_shadow_horizontal_length_tablet=&#8221;0px&#8221; ul_text_shadow_vertical_length_tablet=&#8221;0px&#8221; ul_text_shadow_blur_strength_tablet=&#8221;1px&#8221; ol_text_shadow_horizontal_length_tablet=&#8221;0px&#8221; ol_text_shadow_vertical_length_tablet=&#8221;0px&#8221; ol_text_shadow_blur_strength_tablet=&#8221;1px&#8221; quote_text_shadow_horizontal_length_tablet=&#8221;0px&#8221; quote_text_shadow_vertical_length_tablet=&#8221;0px&#8221; quote_text_shadow_blur_strength_tablet=&#8221;1px&#8221; header_text_shadow_horizontal_length_tablet=&#8221;0px&#8221; header_text_shadow_vertical_length_tablet=&#8221;0px&#8221; header_text_shadow_blur_strength_tablet=&#8221;1px&#8221; header_2_text_shadow_horizontal_length_tablet=&#8221;0px&#8221; header_2_text_shadow_vertical_length_tablet=&#8221;0px&#8221; header_2_text_shadow_blur_strength_tablet=&#8221;1px&#8221; header_3_text_shadow_horizontal_length_tablet=&#8221;0px&#8221; header_3_text_shadow_vertical_length_tablet=&#8221;0px&#8221; header_3_text_shadow_blur_strength_tablet=&#8221;1px&#8221; header_4_text_shadow_horizontal_length_tablet=&#8221;0px&#8221; header_4_text_shadow_vertical_length_tablet=&#8221;0px&#8221; header_4_text_shadow_blur_strength_tablet=&#8221;1px&#8221; header_5_text_shadow_horizontal_length_tablet=&#8221;0px&#8221; header_5_text_shadow_vertical_length_tablet=&#8221;0px&#8221; header_5_text_shadow_blur_strength_tablet=&#8221;1px&#8221; header_6_text_shadow_horizontal_length_tablet=&#8221;0px&#8221; header_6_text_shadow_vertical_length_tablet=&#8221;0px&#8221; header_6_text_shadow_blur_strength_tablet=&#8221;1px&#8221; box_shadow_horizontal_tablet=&#8221;0px&#8221; box_shadow_vertical_tablet=&#8221;0px&#8221; box_shadow_blur_tablet=&#8221;40px&#8221; box_shadow_spread_tablet=&#8221;0px&#8221;]<\/p>\n<p>In our Store you will find an interesting selection of glasses and the description of the processes from which you can choose what interests you most, see the price and send us what you need to be printed.<\/p>\n<p>Thus, in a simple and comfortable way, you can acquire unique glassware for events, celebrations or for professional use.<\/p>\n<p>This is the added value that we offer you: printing turns the glasses into unique items, with the highest quality guaranteed and made with the technique that gives the highest definition to the print and resistance to washing.<\/p>\n<p>The most popular colour for printing is \u2018frosted\u2019 and this will be the one used unless otherwise stated. Other common colours are black, red, green, and blue.<\/p>\n<p>After placing the order, we will send you a rough sketch by email with a simulation of the finished effect on the glass.<\/p>\n<p>All our shipments include an anti-breakage insurance that guarantees the replacement of the item provided it is recorded on the transport company\u2019s delivery document.<\/p>\n<p>If you need something different, either relating to the quantity or the type of glassware, you can request a free quote.<\/p>\n<p>If you require more information you can consult our <strong><a href=\"https:\/\/www.serijerez.com\/en\/how-to-order\/\">purchasing process<\/a><\/strong><\/p>\n<p>[\/et_pb_text][et_pb_shop type=&#8221;product_category&#8221; posts_number=&#8221;150&#8243; columns_number=&#8221;4&#8243; orderby=&#8221;price&#8221; _builder_version=&#8221;4.3.4&#8243; title_text_align=&#8221;center&#8221; vertical_offset_tablet=&#8221;0&#8243; horizontal_offset_tablet=&#8221;0&#8243; text_orientation=&#8221;center&#8221; custom_padding=&#8221;0px|||||&#8221; sale_price_line_height_tablet=&#8221;51&#8243; rating_font_size_tablet=&#8221;51&#8243; z_index_tablet=&#8221;500&#8243; title_text_shadow_horizontal_length_tablet=&#8221;0px&#8221; title_text_shadow_vertical_length_tablet=&#8221;0px&#8221; title_text_shadow_blur_strength_tablet=&#8221;1px&#8221; price_text_shadow_horizontal_length_tablet=&#8221;0px&#8221; price_text_shadow_vertical_length_tablet=&#8221;0px&#8221; price_text_shadow_blur_strength_tablet=&#8221;1px&#8221; sale_badge_text_shadow_horizontal_length_tablet=&#8221;0px&#8221; sale_badge_text_shadow_vertical_length_tablet=&#8221;0px&#8221; sale_badge_text_shadow_blur_strength_tablet=&#8221;1px&#8221; sale_price_text_shadow_horizontal_length_tablet=&#8221;0px&#8221; sale_price_text_shadow_vertical_length_tablet=&#8221;0px&#8221; sale_price_text_shadow_blur_strength_tablet=&#8221;1px&#8221; box_shadow_horizontal_tablet=&#8221;0px&#8221; box_shadow_vertical_tablet=&#8221;0px&#8221; box_shadow_blur_tablet=&#8221;40px&#8221; box_shadow_spread_tablet=&#8221;0px&#8221; box_shadow_horizontal_image_tablet=&#8221;0px&#8221; box_shadow_vertical_image_tablet=&#8221;0px&#8221; box_shadow_blur_image_tablet=&#8221;40px&#8221; box_shadow_spread_image_tablet=&#8221;0px&#8221; text_shadow_horizontal_length_tablet=&#8221;0px&#8221; text_shadow_vertical_length_tablet=&#8221;0px&#8221; text_shadow_blur_strength_tablet=&#8221;1px&#8221;]<br \/>\n[\/et_pb_shop][\/et_pb_column][\/et_pb_row][\/et_pb_section]<\/p>\n","protected":false},"excerpt":{"rendered":"<p><script type=\"text\/javascript\">jQuery(function() { _initLayerSlider( '#layerslider_17_1ck26azzncqk1', {createdWith: '6.9.2', sliderVersion: '6.11.2', allowFullscreen: true, pauseOnHover: 'enabled', skin: 'v6', sliderFadeInDuration: 350, useSrcset: true, skinsPath: 'https:\/\/www.serijerez.com\/wp-content\/plugins\/LayerSlider\/assets\/static\/layerslider\/skins\/', performanceMode: true}); });<\/script><div id=\"layerslider_17_1ck26azzncqk1\"  class=\"ls-wp-container fitvidsignore ls-selectable\" style=\"width:1920px;height:600px;margin:0 auto;margin-bottom: 0px;\"><div class=\"ls-slide\" ><img loading=\"lazy\" width=\"1920\" height=\"601\" src=\"https:\/\/www.serijerez.com\/wp-content\/uploads\/2019\/11\/banner_tienda1920.jpg\" class=\"ls-bg\" alt=\"\" decoding=\"async\" srcset=\"https:\/\/www.serijerez.com\/wp-content\/uploads\/2019\/11\/banner_tienda1920.jpg 1920w, https:\/\/www.serijerez.com\/wp-content\/uploads\/2019\/11\/banner_tienda1920-1280x401.jpg 1280w, https:\/\/www.serijerez.com\/wp-content\/uploads\/2019\/11\/banner_tienda1920-980x307.jpg 980w, https:\/\/www.serijerez.com\/wp-content\/uploads\/2019\/11\/banner_tienda1920-480x150.jpg 480w\" sizes=\"(min-width: 0px) and (max-width: 480px) 480px, (min-width: 481px) and (max-width: 980px) 980px, (min-width: 981px) and (max-width: 1280px) 1280px, (min-width: 1281px) 1920px, 100vw\" \/><h1 style=\"top:516px;left:1698px;text-align:center;background-size:inherit;background-position:inherit;font-size:30px;line-height:40px;color:#f0be35;\" class=\"ls-l ls-text-layer\" data-ls=\"offsetxin:right;transitionout:false;position:relative;\">SERVICES<\/h1><p style=\"top:556px;left:1101px;text-align:center;background-size:inherit;background-position:inherit;font-size:27px;line-height:40px;color:545454px;\" class=\"ls-l ls-text-layer\" data-ls=\"offsetxin:right;transitionout:false;texttransitionin:true;texttypein:chars_asc;position:relative;\">GLASS PRINTING FOR INDIVIDUALS AND COMPANIES<\/p><div style=\"top:530px;left:917px;background-size:inherit;background-position:inherit;font-size:18px;\" class=\"ls-l ls-html-layer\" data-ls=\"delayin:3000;transitionout:false;position:relative;\"><span class=\"scroll-btn\"><a href=\"#inicio\"><span class=\"mouse\"><span><\/span><\/span><\/a><\/span><\/div><\/div><\/div>STORE In our Store you will find an interesting selection of glasses and the description of the processes from which you can choose what interests you most, see the price and send us what you need to be printed. Thus, in a simple and comfortable way, you can acquire unique glassware for events, celebrations [&hellip;]<\/p>\n","protected":false},"author":1,"featured_media":0,"parent":0,"menu_order":0,"comment_status":"closed","ping_status":"closed","template":"","meta":{"_et_pb_use_builder":"on","_et_pb_old_content":"","_et_gb_content_width":"","footnotes":""},"class_list":["post-3704","page","type-page","status-publish","hentry"],"yoast_head":"<!-- This site is optimized with the Yoast SEO plugin v26.0 - https:\/\/yoast.com\/wordpress\/plugins\/seo\/ -->\n<title>Glass printing for individuals and companies<\/title>\n<meta name=\"robots\" content=\"index, follow, max-snippet:-1, max-image-preview:large, max-video-preview:-1\" \/>\n<link rel=\"canonical\" href=\"https:\/\/www.serijerez.com\/en\/store\/\" \/>\n<meta property=\"og:locale\" content=\"en_US\" \/>\n<meta property=\"og:type\" content=\"article\" \/>\n<meta property=\"og:title\" content=\"Glass printing for individuals and companies\" \/>\n<meta property=\"og:description\" content=\"STORE In our Store you will find an interesting selection of glasses and the description of the processes from which you can choose what interests you most, see the price and send us what you need to be printed. Thus, in a simple and comfortable way, you can acquire unique glassware for events, celebrations [&hellip;]\" \/>\n<meta property=\"og:url\" content=\"https:\/\/www.serijerez.com\/en\/store\/\" \/>\n<meta property=\"og:site_name\" content=\"SERIJEREZ\" \/>\n<meta property=\"article:modified_time\" content=\"2020-11-09T10:21:19+00:00\" \/>\n<meta name=\"twitter:card\" content=\"summary_large_image\" \/>\n<meta name=\"twitter:label1\" content=\"Est. reading time\" \/>\n\t<meta name=\"twitter:data1\" content=\"5 minutes\" \/>\n<script type=\"application\/ld+json\" class=\"yoast-schema-graph\">{\"@context\":\"https:\/\/schema.org\",\"@graph\":[{\"@type\":\"WebPage\",\"@id\":\"https:\/\/www.serijerez.com\/en\/store\/\",\"url\":\"https:\/\/www.serijerez.com\/en\/store\/\",\"name\":\"Glass printing for individuals and companies\",\"isPartOf\":{\"@id\":\"https:\/\/www.serijerez.com\/en\/#website\"},\"datePublished\":\"2019-08-09T12:00:09+00:00\",\"dateModified\":\"2020-11-09T10:21:19+00:00\",\"breadcrumb\":{\"@id\":\"https:\/\/www.serijerez.com\/en\/store\/#breadcrumb\"},\"inLanguage\":\"en-US\",\"potentialAction\":[{\"@type\":\"ReadAction\",\"target\":[\"https:\/\/www.serijerez.com\/en\/store\/\"]}]},{\"@type\":\"BreadcrumbList\",\"@id\":\"https:\/\/www.serijerez.com\/en\/store\/#breadcrumb\",\"itemListElement\":[{\"@type\":\"ListItem\",\"position\":1,\"name\":\"Portada\",\"item\":\"https:\/\/www.serijerez.com\/en\/\"},{\"@type\":\"ListItem\",\"position\":2,\"name\":\"STORE\"}]},{\"@type\":\"WebSite\",\"@id\":\"https:\/\/www.serijerez.com\/en\/#website\",\"url\":\"https:\/\/www.serijerez.com\/en\/\",\"name\":\"SERIJEREZ\",\"description\":\"Serijerez, serigraf\u00eda en vidrio, decoraci\u00f3n industrial de vidrio, cristal y cer\u00e1mica.\",\"potentialAction\":[{\"@type\":\"SearchAction\",\"target\":{\"@type\":\"EntryPoint\",\"urlTemplate\":\"https:\/\/www.serijerez.com\/en\/?s={search_term_string}\"},\"query-input\":{\"@type\":\"PropertyValueSpecification\",\"valueRequired\":true,\"valueName\":\"search_term_string\"}}],\"inLanguage\":\"en-US\"}]}<\/script>\n<!-- \/ Yoast SEO plugin. -->","yoast_head_json":{"title":"Glass printing for individuals and companies","robots":{"index":"index","follow":"follow","max-snippet":"max-snippet:-1","max-image-preview":"max-image-preview:large","max-video-preview":"max-video-preview:-1"},"canonical":"https:\/\/www.serijerez.com\/en\/store\/","og_locale":"en_US","og_type":"article","og_title":"Glass printing for individuals and companies","og_description":"STORE In our Store you will find an interesting selection of glasses and the description of the processes from which you can choose what interests you most, see the price and send us what you need to be printed. Thus, in a simple and comfortable way, you can acquire unique glassware for events, celebrations [&hellip;]","og_url":"https:\/\/www.serijerez.com\/en\/store\/","og_site_name":"SERIJEREZ","article_modified_time":"2020-11-09T10:21:19+00:00","twitter_card":"summary_large_image","twitter_misc":{"Est. reading time":"5 minutes"},"schema":{"@context":"https:\/\/schema.org","@graph":[{"@type":"WebPage","@id":"https:\/\/www.serijerez.com\/en\/store\/","url":"https:\/\/www.serijerez.com\/en\/store\/","name":"Glass printing for individuals and companies","isPartOf":{"@id":"https:\/\/www.serijerez.com\/en\/#website"},"datePublished":"2019-08-09T12:00:09+00:00","dateModified":"2020-11-09T10:21:19+00:00","breadcrumb":{"@id":"https:\/\/www.serijerez.com\/en\/store\/#breadcrumb"},"inLanguage":"en-US","potentialAction":[{"@type":"ReadAction","target":["https:\/\/www.serijerez.com\/en\/store\/"]}]},{"@type":"BreadcrumbList","@id":"https:\/\/www.serijerez.com\/en\/store\/#breadcrumb","itemListElement":[{"@type":"ListItem","position":1,"name":"Portada","item":"https:\/\/www.serijerez.com\/en\/"},{"@type":"ListItem","position":2,"name":"STORE"}]},{"@type":"WebSite","@id":"https:\/\/www.serijerez.com\/en\/#website","url":"https:\/\/www.serijerez.com\/en\/","name":"SERIJEREZ","description":"Serijerez, serigraf\u00eda en vidrio, decoraci\u00f3n industrial de vidrio, cristal y cer\u00e1mica.","potentialAction":[{"@type":"SearchAction","target":{"@type":"EntryPoint","urlTemplate":"https:\/\/www.serijerez.com\/en\/?s={search_term_string}"},"query-input":{"@type":"PropertyValueSpecification","valueRequired":true,"valueName":"search_term_string"}}],"inLanguage":"en-US"}]}},"_links":{"self":[{"href":"https:\/\/www.serijerez.com\/en\/wp-json\/wp\/v2\/pages\/3704","targetHints":{"allow":["GET"]}}],"collection":[{"href":"https:\/\/www.serijerez.com\/en\/wp-json\/wp\/v2\/pages"}],"about":[{"href":"https:\/\/www.serijerez.com\/en\/wp-json\/wp\/v2\/types\/page"}],"author":[{"embeddable":true,"href":"https:\/\/www.serijerez.com\/en\/wp-json\/wp\/v2\/users\/1"}],"replies":[{"embeddable":true,"href":"https:\/\/www.serijerez.com\/en\/wp-json\/wp\/v2\/comments?post=3704"}],"version-history":[{"count":22,"href":"https:\/\/www.serijerez.com\/en\/wp-json\/wp\/v2\/pages\/3704\/revisions"}],"predecessor-version":[{"id":5393,"href":"https:\/\/www.serijerez.com\/en\/wp-json\/wp\/v2\/pages\/3704\/revisions\/5393"}],"wp:attachment":[{"href":"https:\/\/www.serijerez.com\/en\/wp-json\/wp\/v2\/media?parent=3704"}],"curies":[{"name":"wp","href":"https:\/\/api.w.org\/{rel}","templated":true}]}}